{"id":3358,"date":"2025-09-22T10:19:27","date_gmt":"2025-09-22T15:19:27","guid":{"rendered":"https:\/\/marymountbogota.com\/newsite\/?page_id=3358"},"modified":"2025-09-23T15:32:14","modified_gmt":"2025-09-23T20:32:14","slug":"regimen-tributario-especial","status":"publish","type":"page","link":"https:\/\/marymountbogota.com\/newsite\/regimen-tributario-especial\/","title":{"rendered":"R\u00e9gimen Tributario Especial"},"content":{"rendered":"\t\t<div data-elementor-type=\"wp-page\" data-elementor-id=\"3358\" class=\"elementor elementor-3358\" data-elementor-post-type=\"page\">\n\t\t\t\t\t\t<section data-particle_enable=\"false\" data-particle-mobile-disabled=\"false\" class=\"has_ae_slider elementor-section elementor-top-section elementor-element elementor-element-a9c38c0 elementor-section-height-min-height elementor-section-boxed elementor-section-height-default elementor-section-items-middle ae-bg-gallery-type-default\" data-id=\"a9c38c0\" data-element_type=\"section\" data-e-type=\"section\" data-settings=\"{&quot;background_background&quot;:&quot;classic&quot;}\">\n\t\t\t\t\t\t\t<div class=\"elementor-background-overlay\"><\/div>\n\t\t\t\t\t\t\t<div class=\"elementor-container elementor-column-gap-default\">\n\t\t\t\t\t<div class=\"has_ae_slider elementor-column elementor-col-100 elementor-top-column elementor-element elementor-element-a4780de ae-bg-gallery-type-default\" data-id=\"a4780de\" data-element_type=\"column\" data-e-type=\"column\">\n\t\t\t<div class=\"elementor-widget-wrap elementor-element-populated\">\n\t\t\t\t\t\t<div class=\"elementor-element elementor-element-30bd047 elementor-widget__width-auto elementor-widget elementor-widget-heading\" data-id=\"30bd047\" data-element_type=\"widget\" data-e-type=\"widget\" data-widget_type=\"heading.default\">\n\t\t\t\t<div class=\"elementor-widget-container\">\n\t\t\t\t\t<h1 class=\"elementor-heading-title elementor-size-default\">R\u00e9gimen Tributario Especial<\/h1>\t\t\t\t<\/div>\n\t\t\t\t<\/div>\n\t\t\t\t\t<\/div>\n\t\t<\/div>\n\t\t\t\t\t<\/div>\n\t\t<\/section>\n\t\t\t\t<section data-particle_enable=\"false\" data-particle-mobile-disabled=\"false\" class=\"has_ae_slider elementor-section elementor-top-section elementor-element elementor-element-cf5db96 elementor-section-boxed elementor-section-height-default elementor-section-height-default ae-bg-gallery-type-default\" data-id=\"cf5db96\" data-element_type=\"section\" data-e-type=\"section\">\n\t\t\t\t\t\t<div class=\"elementor-container elementor-column-gap-default\">\n\t\t\t\t\t<div class=\"has_ae_slider elementor-column elementor-col-100 elementor-top-column elementor-element elementor-element-f631d1a ae-bg-gallery-type-default\" data-id=\"f631d1a\" data-element_type=\"column\" data-e-type=\"column\">\n\t\t\t<div class=\"elementor-widget-wrap elementor-element-populated\">\n\t\t\t\t\t\t<div class=\"elementor-element elementor-element-83ec289 elementor-icon-list--layout-traditional elementor-list-item-link-full_width elementor-widget elementor-widget-icon-list\" data-id=\"83ec289\" data-element_type=\"widget\" data-e-type=\"widget\" data-widget_type=\"icon-list.default\">\n\t\t\t\t<div class=\"elementor-widget-container\">\n\t\t\t\t\t\t\t<ul class=\"elementor-icon-list-items\">\n\t\t\t\t\t\t\t<li class=\"elementor-icon-list-item\">\n\t\t\t\t\t\t\t\t\t\t\t<a href=\"https:\/\/marymountbogota.com\/newsite\/wp-content\/uploads\/2025\/09\/1-Identificacion-2024.pdf\" target=\"_blank\">\n\n\t\t\t\t\t\t\t\t\t\t\t<span class=\"elementor-icon-list-text\">1. La denominaci\u00f3n, la identificaci\u00f3n y el domicilio de la entidad.<\/span>\n\t\t\t\t\t\t\t\t\t\t\t<\/a>\n\t\t\t\t\t\t\t\t\t<\/li>\n\t\t\t\t\t\t\t\t<li class=\"elementor-icon-list-item\">\n\t\t\t\t\t\t\t\t\t\t\t<a href=\"https:\/\/marymountbogota.com\/newsite\/wp-content\/uploads\/2025\/09\/2-Actividad-meritoria-2024.pdf\" target=\"_blank\">\n\n\t\t\t\t\t\t\t\t\t\t\t<span class=\"elementor-icon-list-text\">2. La descripci\u00f3n de la actividad meritoria.<\/span>\n\t\t\t\t\t\t\t\t\t\t\t<\/a>\n\t\t\t\t\t\t\t\t\t<\/li>\n\t\t\t\t\t\t\t\t<li class=\"elementor-icon-list-item\">\n\t\t\t\t\t\t\t\t\t\t\t<a href=\"https:\/\/marymountbogota.com\/newsite\/wp-content\/uploads\/2025\/09\/3-Reinversion-2024.pdf\" target=\"_blank\">\n\n\t\t\t\t\t\t\t\t\t\t\t<span class=\"elementor-icon-list-text\">3. El monto y el destino de la reinversi\u00f3n del beneficio o excedente neto, cuando corresponda.<\/span>\n\t\t\t\t\t\t\t\t\t\t\t<\/a>\n\t\t\t\t\t\t\t\t\t<\/li>\n\t\t\t\t\t\t\t\t<li class=\"elementor-icon-list-item\">\n\t\t\t\t\t\t\t\t\t\t\t<a href=\"https:\/\/marymountbogota.com\/newsite\/wp-content\/uploads\/2025\/09\/4-Destino-asig-permanente-2024.pdf\" target=\"_blank\">\n\n\t\t\t\t\t\t\t\t\t\t\t<span class=\"elementor-icon-list-text\">4. El monto y el destino de las asignaciones permanentes que se hayan realizado en el a\u00f1o y los plazos adicionales que est\u00e9n autorizados por el m\u00e1ximo \u00f3rgano social, cuando corresponda.<\/span>\n\t\t\t\t\t\t\t\t\t\t\t<\/a>\n\t\t\t\t\t\t\t\t\t<\/li>\n\t\t\t\t\t\t\t\t<li class=\"elementor-icon-list-item\">\n\t\t\t\t\t\t\t\t\t\t\t<a href=\"https:\/\/marymountbogota.com\/newsite\/wp-content\/uploads\/2025\/09\/5-Cargos-gerenciales-2024.pdf\" target=\"_blank\">\n\n\t\t\t\t\t\t\t\t\t\t\t<span class=\"elementor-icon-list-text\">5. Los nombres e identificaci\u00f3n de las personas que ocupan cargos gerenciales, directivos o de control.<\/span>\n\t\t\t\t\t\t\t\t\t\t\t<\/a>\n\t\t\t\t\t\t\t\t\t<\/li>\n\t\t\t\t\t\t\t\t<li class=\"elementor-icon-list-item\">\n\t\t\t\t\t\t\t\t\t\t\t<a href=\"https:\/\/marymountbogota.com\/newsite\/wp-content\/uploads\/2025\/09\/6-Pagos-salariales-direc-2024.pdf\" target=\"_blank\">\n\n\t\t\t\t\t\t\t\t\t\t\t<span class=\"elementor-icon-list-text\">6. El monto total de pagos salariales a los miembros de los cuerpos directivos, sin obligaci\u00f3n de discriminar los pagos individuales.<\/span>\n\t\t\t\t\t\t\t\t\t\t\t<\/a>\n\t\t\t\t\t\t\t\t\t<\/li>\n\t\t\t\t\t\t\t\t<li class=\"elementor-icon-list-item\">\n\t\t\t\t\t\t\t\t\t\t\t<a href=\"https:\/\/marymountbogota.com\/newsite\/wp-content\/uploads\/2025\/09\/7-Identif-fundadores-2024.pdf\" target=\"_blank\">\n\n\t\t\t\t\t\t\t\t\t\t\t<span class=\"elementor-icon-list-text\">7. Los nombres e identificaci\u00f3n de los fundadores.<\/span>\n\t\t\t\t\t\t\t\t\t\t\t<\/a>\n\t\t\t\t\t\t\t\t\t<\/li>\n\t\t\t\t\t\t\t\t<li class=\"elementor-icon-list-item\">\n\t\t\t\t\t\t\t\t\t\t\t<a href=\"https:\/\/marymountbogota.com\/newsite\/wp-content\/uploads\/2025\/09\/8-Patrim-a-31-diciembre-2024.pdf\" target=\"_blank\">\n\n\t\t\t\t\t\t\t\t\t\t\t<span class=\"elementor-icon-list-text\">8. El monto del patrimonio a 31 de diciembre del a\u00f1o inmediatamente anterior.<\/span>\n\t\t\t\t\t\t\t\t\t\t\t<\/a>\n\t\t\t\t\t\t\t\t\t<\/li>\n\t\t\t\t\t\t\t\t<li class=\"elementor-icon-list-item\">\n\t\t\t\t\t\t\t\t\t\t\t<a href=\"https:\/\/marymountbogota.com\/newsite\/wp-content\/uploads\/2025\/09\/9-Donaciones-recibidas-2024.pdf\" target=\"_blank\">\n\n\t\t\t\t\t\t\t\t\t\t\t<span class=\"elementor-icon-list-text\">9. En caso de recibir donaciones, la identificaci\u00f3n del donante y el monto de la donaci\u00f3n, as\u00ed como la destinaci\u00f3n de la misma y el plazo proyectado para el gasto o la inversi\u00f3n. Para tales efectos, se entiende que la donaci\u00f3n a una entidad del R\u00e9gimen Tributario Especial es una autorizaci\u00f3n de publicar los datos que contiene el registro.<\/span>\n\t\t\t\t\t\t\t\t\t\t\t<\/a>\n\t\t\t\t\t\t\t\t\t<\/li>\n\t\t\t\t\t\t\t\t<li class=\"elementor-icon-list-item\">\n\t\t\t\t\t\t\t\t\t\t\t<a href=\"https:\/\/marymountbogota.com\/newsite\/wp-content\/uploads\/2025\/09\/10-Donaciones-recibidas-2024.pdf\" target=\"_blank\">\n\n\t\t\t\t\t\t\t\t\t\t\t<span class=\"elementor-icon-list-text\">10. Cuando las donaciones se perciban en eventos colectivos, sin que sea posible la identificaci\u00f3n particular de los donantes, se deber\u00e1 inscribir el monto total percibido, la fecha y la destinaci\u00f3n del mismo.<\/span>\n\t\t\t\t\t\t\t\t\t\t\t<\/a>\n\t\t\t\t\t\t\t\t\t<\/li>\n\t\t\t\t\t\t\t\t<li class=\"elementor-icon-list-item\">\n\t\t\t\t\t\t\t\t\t\t\t<a href=\"https:\/\/marymountbogota.com\/newsite\/wp-content\/uploads\/2025\/09\/11-Inf-anual-de-resultados-2024.pdf\" target=\"_blank\">\n\n\t\t\t\t\t\t\t\t\t\t\t<span class=\"elementor-icon-list-text\">11. Un informe anual de resultados que prevea datos sobre sus proyectos en curso y los finalizados, los ingresos, los contratos realizados, subsidios y aportes recibidos, as\u00ed como las metas logradas en beneficio de la comunidad.<\/span>\n\t\t\t\t\t\t\t\t\t\t\t<\/a>\n\t\t\t\t\t\t\t\t\t<\/li>\n\t\t\t\t\t\t\t\t<li class=\"elementor-icon-list-item\">\n\t\t\t\t\t\t\t\t\t\t\t<a href=\"https:\/\/marymountbogota.com\/newsite\/wp-content\/uploads\/2025\/09\/12-Estados-Financieros-con-anexos-2024.pdf\" target=\"_blank\">\n\n\t\t\t\t\t\t\t\t\t\t\t<span class=\"elementor-icon-list-text\">12. Los estados financieros de la entidad.<\/span>\n\t\t\t\t\t\t\t\t\t\t\t<\/a>\n\t\t\t\t\t\t\t\t\t<\/li>\n\t\t\t\t\t\t\t\t<li class=\"elementor-icon-list-item\">\n\t\t\t\t\t\t\t\t\t\t\t<a href=\"https:\/\/marymountbogota.com\/newsite\/wp-content\/uploads\/2025\/09\/13-Cumplimiento-requisitos-2024.pdf\" target=\"_blank\">\n\n\t\t\t\t\t\t\t\t\t\t\t<span class=\"elementor-icon-list-text\">13. El certificado del representante legal o revisor fiscal, junto con la declaraci\u00f3n de renta donde se evidencie que han cumplido con todos los requisitos durante el respectivo a\u00f1o, cuando corresponda.<\/span>\n\t\t\t\t\t\t\t\t\t\t\t<\/a>\n\t\t\t\t\t\t\t\t\t<\/li>\n\t\t\t\t\t\t\t\t<li class=\"elementor-icon-list-item\">\n\t\t\t\t\t\t\t\t\t\t\t<a href=\"https:\/\/marymountbogota.com\/newsite\/wp-content\/uploads\/2025\/09\/14-Cooperacion-internacional.pdf\" target=\"_blank\">\n\n\t\t\t\t\t\t\t\t\t\t\t<span class=\"elementor-icon-list-text\">14. Los recursos de cooperaci\u00f3n internacional no reembolsable que reciban o ejecuten.<\/span>\n\t\t\t\t\t\t\t\t\t\t\t<\/a>\n\t\t\t\t\t\t\t\t\t<\/li>\n\t\t\t\t\t\t\t\t<li class=\"elementor-icon-list-item\">\n\t\t\t\t\t\t\t\t\t\t\t<a href=\"https:\/\/marymountbogota.com\/newsite\/wp-content\/uploads\/2025\/09\/15-Memoria-Economica-ano-2024.pdf\" target=\"_blank\">\n\n\t\t\t\t\t\t\t\t\t\t\t<span class=\"elementor-icon-list-text\">15. Memoria Econ\u00f3mica<\/span>\n\t\t\t\t\t\t\t\t\t\t\t<\/a>\n\t\t\t\t\t\t\t\t\t<\/li>\n\t\t\t\t\t\t<\/ul>\n\t\t\t\t\t\t<\/div>\n\t\t\t\t<\/div>\n\t\t\t\t\t<\/div>\n\t\t<\/div>\n\t\t\t\t\t<\/div>\n\t\t<\/section>\n\t\t\t\t<section data-particle_enable=\"false\" data-particle-mobile-disabled=\"false\" class=\"has_ae_slider elementor-section elementor-top-section elementor-element elementor-element-b69a0ca elementor-section-boxed elementor-section-height-default elementor-section-height-default ae-bg-gallery-type-default\" data-id=\"b69a0ca\" data-element_type=\"section\" data-e-type=\"section\">\n\t\t\t\t\t\t<div class=\"elementor-container elementor-column-gap-default\">\n\t\t\t\t\t<div class=\"has_ae_slider elementor-column elementor-col-100 elementor-top-column elementor-element elementor-element-40f42e3 ae-bg-gallery-type-default\" data-id=\"40f42e3\" data-element_type=\"column\" data-e-type=\"column\">\n\t\t\t<div class=\"elementor-widget-wrap elementor-element-populated\">\n\t\t\t\t\t\t<div class=\"elementor-element elementor-element-6a71e4c elementor-widget elementor-widget-heading\" data-id=\"6a71e4c\" data-element_type=\"widget\" data-e-type=\"widget\" data-widget_type=\"heading.default\">\n\t\t\t\t<div class=\"elementor-widget-container\">\n\t\t\t\t\t<h2 class=\"elementor-heading-title elementor-size-default\">ANEXOS<\/h2>\t\t\t\t<\/div>\n\t\t\t\t<\/div>\n\t\t\t\t<div class=\"elementor-element elementor-element-f9b7141 elementor-icon-list--layout-traditional elementor-list-item-link-full_width elementor-widget elementor-widget-icon-list\" data-id=\"f9b7141\" data-element_type=\"widget\" data-e-type=\"widget\" data-widget_type=\"icon-list.default\">\n\t\t\t\t<div class=\"elementor-widget-container\">\n\t\t\t\t\t\t\t<ul class=\"elementor-icon-list-items\">\n\t\t\t\t\t\t\t<li class=\"elementor-icon-list-item\">\n\t\t\t\t\t\t\t\t\t\t\t<a href=\"https:\/\/marymountbogota.com\/newsite\/wp-content\/uploads\/2025\/09\/01-Acta-de-constitucion.pdf\" target=\"_blank\">\n\n\t\t\t\t\t\t\t\t\t\t\t<span class=\"elementor-icon-list-text\">1. Copia del acta de constituci\u00f3n.<\/span>\n\t\t\t\t\t\t\t\t\t\t\t<\/a>\n\t\t\t\t\t\t\t\t\t<\/li>\n\t\t\t\t\t\t\t\t<li class=\"elementor-icon-list-item\">\n\t\t\t\t\t\t\t\t\t\t\t<a href=\"https:\/\/marymountbogota.com\/newsite\/wp-content\/uploads\/2025\/09\/02-Cert-de-Existencia-y-Rep-FNM.pdf\" target=\"_blank\">\n\n\t\t\t\t\t\t\t\t\t\t\t<span class=\"elementor-icon-list-text\">2. Certificado de existencia y representaci\u00f3n legal expedido por la Secretar\u00eda de Educaci\u00f3n del Distrito.<\/span>\n\t\t\t\t\t\t\t\t\t\t\t<\/a>\n\t\t\t\t\t\t\t\t\t<\/li>\n\t\t\t\t\t\t\t\t<li class=\"elementor-icon-list-item\">\n\t\t\t\t\t\t\t\t\t\t\t<a href=\"https:\/\/marymountbogota.com\/newsite\/wp-content\/uploads\/2025\/09\/03-Permanencia-en-RTE-2024.pdf\" target=\"_blank\">\n\n\t\t\t\t\t\t\t\t\t\t\t<span class=\"elementor-icon-list-text\">3. Copia del acta de la Junta de Directores, en la que se autoriza al representante legal para que solicite que la entidad permanezca como entidad del R\u00e9gimen Tributario Especial del Impuesto sobre la Renta.<\/span>\n\t\t\t\t\t\t\t\t\t\t\t<\/a>\n\t\t\t\t\t\t\t\t\t<\/li>\n\t\t\t\t\t\t<\/ul>\n\t\t\t\t\t\t<\/div>\n\t\t\t\t<\/div>\n\t\t\t\t<div class=\"elementor-element elementor-element-f0663bf elementor-widget elementor-widget-text-editor\" data-id=\"f0663bf\" data-element_type=\"widget\" data-e-type=\"widget\" data-widget_type=\"text-editor.default\">\n\t\t\t\t<div class=\"elementor-widget-container\">\n\t\t\t\t\t\t\t\t\t<p><a href=\"https:\/\/marymountbogota.com\/newsite\/wp-content\/uploads\/2025\/09\/04-Aportes-no-reembolsable-2024.pdf\" target=\"_blank\" rel=\"noopener\">4. Copia del acta de la Junta de Directores en donde se indica:<\/a><\/p><p>a. Que los aportes no son reembolsables bajo ninguna modalidad, ni generan derecho de retorno para el aportante, ni directa, ni indirectamente durante su existencia, ni en su disoluci\u00f3n y liquidaci\u00f3n.<\/p><p>b. Que la entidad desarrolla una actividad meritoria y que son de inter\u00e9s general y de acceso a la comunidad, en los t\u00e9rminos previstos en los Par\u00e1grafos 1 y 2 del art\u00edculo 359 del Estatuto Tributario.<\/p><p>c. Que los excedentes no son distribuidos bajo ninguna modalidad, ni directa, ni indirectamente durante su existencia, ni en su disoluci\u00f3n y liquidaci\u00f3n.<\/p>\t\t\t\t\t\t\t\t<\/div>\n\t\t\t\t<\/div>\n\t\t\t\t<div class=\"elementor-element elementor-element-bce2b3d elementor-widget elementor-widget-text-editor\" data-id=\"bce2b3d\" data-element_type=\"widget\" data-e-type=\"widget\" data-widget_type=\"text-editor.default\">\n\t\t\t\t<div class=\"elementor-widget-container\">\n\t\t\t\t\t\t\t\t\t<p><a href=\"https:\/\/marymountbogota.com\/newsite\/wp-content\/uploads\/2025\/09\/05-Cert-inhabilidades-2024.pdf\" target=\"_blank\" rel=\"noopener\">5. Certificaci\u00f3n suscrita por el representante legal, en la que conste que:<\/a><\/p><p>a. Los miembros de Junta de Directores, Fundadores, miembros de \u00f3rganos de direcci\u00f3n no han sido declarados responsables penalmente por delitos contra la administraci\u00f3n p\u00fablica, el orden econ\u00f3mico social y contra el patrimonio econ\u00f3mico, siempre y cuando los hechos hayan implicado la utilizaci\u00f3n de la entidad para la comisi\u00f3n del delito, lo que se acreditar\u00e1 mediante certificado de antecedentes judiciales.<\/p><p>b. Los miembros de Junta de Directores, Fundadores, miembros de \u00f3rganos de direcci\u00f3n no han sido sancionados con la declaraci\u00f3n de caducidad de un contrato celebrado con una entidad p\u00fablica, siempre y cuando los hechos hayan implicado la utilizaci\u00f3n de la entidad para la comisi\u00f3n de la conducta, lo que se acreditar\u00e1 mediante certificado de la entidad competente, cuando hubiere lugar a ello.<\/p>\t\t\t\t\t\t\t\t<\/div>\n\t\t\t\t<\/div>\n\t\t\t\t<div class=\"elementor-element elementor-element-8035acd elementor-icon-list--layout-traditional elementor-list-item-link-full_width elementor-widget elementor-widget-icon-list\" data-id=\"8035acd\" data-element_type=\"widget\" data-e-type=\"widget\" data-widget_type=\"icon-list.default\">\n\t\t\t\t<div class=\"elementor-widget-container\">\n\t\t\t\t\t\t\t<ul class=\"elementor-icon-list-items\">\n\t\t\t\t\t\t\t<li class=\"elementor-icon-list-item\">\n\t\t\t\t\t\t\t\t\t\t\t<a href=\"https:\/\/marymountbogota.com\/newsite\/wp-content\/uploads\/2025\/09\/06-Estado-asig-permanentes-2024.pdf\" target=\"_blank\">\n\n\t\t\t\t\t\t\t\t\t\t\t<span class=\"elementor-icon-list-text\">6. Copia del acta de la Junta de Directores, en la que se indique el estado de las asignaciones permanentes de los a\u00f1os gravables anteriores y que no han sido reinvertidas.<\/span>\n\t\t\t\t\t\t\t\t\t\t\t<\/a>\n\t\t\t\t\t\t\t\t\t<\/li>\n\t\t\t\t\t\t\t\t<li class=\"elementor-icon-list-item\">\n\t\t\t\t\t\t\t\t\t\t\t<a href=\"https:\/\/marymountbogota.com\/newsite\/wp-content\/uploads\/2025\/09\/07-Reinversion-beneficio-neto-2024.pdf\" target=\"_blank\">\n\n\t\t\t\t\t\t\t\t\t\t\t<span class=\"elementor-icon-list-text\">7. Extracto del acta de la Junta de Directores en la que se indica como se realizar\u00e1 la reinversi\u00f3n del beneficio neto o excedente tratado como exento en el a\u00f1o gravable anterior, de conformidad con el art\u00edculo 1.2.1.5.1.27. del Decreto 2150 de 2017.<\/span>\n\t\t\t\t\t\t\t\t\t\t\t<\/a>\n\t\t\t\t\t\t\t\t\t<\/li>\n\t\t\t\t\t\t<\/ul>\n\t\t\t\t\t\t<\/div>\n\t\t\t\t<\/div>\n\t\t\t\t\t<\/div>\n\t\t<\/div>\n\t\t\t\t\t<\/div>\n\t\t<\/section>\n\t\t\t\t<\/div>\n\t\t","protected":false},"excerpt":{"rendered":"<p>1. La denominaci\u00f3n, la identificaci\u00f3n y el domicilio de la entidad. 2. La descripci\u00f3n de la actividad meritoria. 3. El monto y el destino de la reinversi\u00f3n del beneficio o excedente neto, cuando corresponda. 4. El monto y el destino de las asignaciones permanentes que se hayan realizado en el a\u00f1o y los plazos adicionales [&hellip;]<\/p>\n","protected":false},"author":4,"featured_media":0,"parent":0,"menu_order":0,"comment_status":"closed","ping_status":"closed","template":"","meta":{"_acf_changed":false,"inline_featured_image":false,"_joinchat":[],"footnotes":""},"class_list":["post-3358","page","type-page","status-publish","hentry"],"acf":[],"yoast_head":"<!-- This site is optimized with the Yoast SEO plugin v27.0 - https:\/\/yoast.com\/product\/yoast-seo-wordpress\/ -->\n<title>R\u00e9gimen Tributario Especial - Marymount Colegio Femenino en Bogot\u00e1 | Colegio Marymount Bogot\u00e1<\/title>\n<meta name=\"robots\" content=\"noindex, follow, max-snippet:-1, max-image-preview:large, max-video-preview:-1\" \/>\n<meta property=\"og:locale\" content=\"es_ES\" \/>\n<meta property=\"og:type\" content=\"article\" \/>\n<meta property=\"og:title\" content=\"R\u00e9gimen Tributario Especial - Marymount Colegio Femenino en Bogot\u00e1 | Colegio Marymount Bogot\u00e1\" \/>\n<meta property=\"og:description\" content=\"1. La denominaci\u00f3n, la identificaci\u00f3n y el domicilio de la entidad. 2. La descripci\u00f3n de la actividad meritoria. 3. El monto y el destino de la reinversi\u00f3n del beneficio o excedente neto, cuando corresponda. 4. El monto y el destino de las asignaciones permanentes que se hayan realizado en el a\u00f1o y los plazos adicionales [&hellip;]\" \/>\n<meta property=\"og:url\" content=\"https:\/\/marymountbogota.com\/newsite\/regimen-tributario-especial\/\" \/>\n<meta property=\"og:site_name\" content=\"Marymount Colegio Femenino en Bogot\u00e1 | Colegio Marymount Bogot\u00e1\" \/>\n<meta property=\"article:modified_time\" content=\"2025-09-23T20:32:14+00:00\" \/>\n<meta name=\"twitter:card\" content=\"summary_large_image\" \/>\n<script type=\"application\/ld+json\" class=\"yoast-schema-graph\">{\"@context\":\"https:\/\/schema.org\",\"@graph\":[{\"@type\":\"WebPage\",\"@id\":\"https:\/\/marymountbogota.com\/newsite\/regimen-tributario-especial\/\",\"url\":\"https:\/\/marymountbogota.com\/newsite\/regimen-tributario-especial\/\",\"name\":\"R\u00e9gimen Tributario Especial - Marymount Colegio Femenino en Bogot\u00e1 | Colegio Marymount Bogot\u00e1\",\"isPartOf\":{\"@id\":\"https:\/\/marymountbogota.com\/newsite\/#website\"},\"datePublished\":\"2025-09-22T15:19:27+00:00\",\"dateModified\":\"2025-09-23T20:32:14+00:00\",\"breadcrumb\":{\"@id\":\"https:\/\/marymountbogota.com\/newsite\/regimen-tributario-especial\/#breadcrumb\"},\"inLanguage\":\"es-CO\",\"potentialAction\":[{\"@type\":\"ReadAction\",\"target\":[\"https:\/\/marymountbogota.com\/newsite\/regimen-tributario-especial\/\"]}]},{\"@type\":\"BreadcrumbList\",\"@id\":\"https:\/\/marymountbogota.com\/newsite\/regimen-tributario-especial\/#breadcrumb\",\"itemListElement\":[{\"@type\":\"ListItem\",\"position\":1,\"name\":\"Inicio\",\"item\":\"https:\/\/marymountbogota.com\/newsite\/\"},{\"@type\":\"ListItem\",\"position\":2,\"name\":\"R\u00e9gimen Tributario Especial\"}]},{\"@type\":\"WebSite\",\"@id\":\"https:\/\/marymountbogota.com\/newsite\/#website\",\"url\":\"https:\/\/marymountbogota.com\/newsite\/\",\"name\":\"Marymount Colegio Femenino en Bogot\u00e1 | Colegio Marymount Bogot\u00e1\",\"description\":\"\",\"publisher\":{\"@id\":\"https:\/\/marymountbogota.com\/newsite\/#organization\"},\"potentialAction\":[{\"@type\":\"SearchAction\",\"target\":{\"@type\":\"EntryPoint\",\"urlTemplate\":\"https:\/\/marymountbogota.com\/newsite\/?s={search_term_string}\"},\"query-input\":{\"@type\":\"PropertyValueSpecification\",\"valueRequired\":true,\"valueName\":\"search_term_string\"}}],\"inLanguage\":\"es-CO\"},{\"@type\":\"Organization\",\"@id\":\"https:\/\/marymountbogota.com\/newsite\/#organization\",\"name\":\"Marymount Colegio Femenino en Bogot\u00e1 | Colegio Marymount Bogot\u00e1\",\"url\":\"https:\/\/marymountbogota.com\/newsite\/\",\"logo\":{\"@type\":\"ImageObject\",\"inLanguage\":\"es-CO\",\"@id\":\"https:\/\/marymountbogota.com\/newsite\/#\/schema\/logo\/image\/\",\"url\":\"https:\/\/marymountbogota.com\/newsite\/wp-content\/uploads\/2025\/05\/logo-marymount-color.svg\",\"contentUrl\":\"https:\/\/marymountbogota.com\/newsite\/wp-content\/uploads\/2025\/05\/logo-marymount-color.svg\",\"width\":224,\"height\":62,\"caption\":\"Marymount Colegio Femenino en Bogot\u00e1 | Colegio Marymount Bogot\u00e1\"},\"image\":{\"@id\":\"https:\/\/marymountbogota.com\/newsite\/#\/schema\/logo\/image\/\"}}]}<\/script>\n<!-- \/ Yoast SEO plugin. -->","yoast_head_json":{"title":"R\u00e9gimen Tributario Especial - Marymount Colegio Femenino en Bogot\u00e1 | Colegio Marymount Bogot\u00e1","robots":{"index":"noindex","follow":"follow","max-snippet":"max-snippet:-1","max-image-preview":"max-image-preview:large","max-video-preview":"max-video-preview:-1"},"og_locale":"es_ES","og_type":"article","og_title":"R\u00e9gimen Tributario Especial - Marymount Colegio Femenino en Bogot\u00e1 | Colegio Marymount Bogot\u00e1","og_description":"1. La denominaci\u00f3n, la identificaci\u00f3n y el domicilio de la entidad. 2. La descripci\u00f3n de la actividad meritoria. 3. El monto y el destino de la reinversi\u00f3n del beneficio o excedente neto, cuando corresponda. 4. El monto y el destino de las asignaciones permanentes que se hayan realizado en el a\u00f1o y los plazos adicionales [&hellip;]","og_url":"https:\/\/marymountbogota.com\/newsite\/regimen-tributario-especial\/","og_site_name":"Marymount Colegio Femenino en Bogot\u00e1 | Colegio Marymount Bogot\u00e1","article_modified_time":"2025-09-23T20:32:14+00:00","twitter_card":"summary_large_image","schema":{"@context":"https:\/\/schema.org","@graph":[{"@type":"WebPage","@id":"https:\/\/marymountbogota.com\/newsite\/regimen-tributario-especial\/","url":"https:\/\/marymountbogota.com\/newsite\/regimen-tributario-especial\/","name":"R\u00e9gimen Tributario Especial - Marymount Colegio Femenino en Bogot\u00e1 | Colegio Marymount Bogot\u00e1","isPartOf":{"@id":"https:\/\/marymountbogota.com\/newsite\/#website"},"datePublished":"2025-09-22T15:19:27+00:00","dateModified":"2025-09-23T20:32:14+00:00","breadcrumb":{"@id":"https:\/\/marymountbogota.com\/newsite\/regimen-tributario-especial\/#breadcrumb"},"inLanguage":"es-CO","potentialAction":[{"@type":"ReadAction","target":["https:\/\/marymountbogota.com\/newsite\/regimen-tributario-especial\/"]}]},{"@type":"BreadcrumbList","@id":"https:\/\/marymountbogota.com\/newsite\/regimen-tributario-especial\/#breadcrumb","itemListElement":[{"@type":"ListItem","position":1,"name":"Inicio","item":"https:\/\/marymountbogota.com\/newsite\/"},{"@type":"ListItem","position":2,"name":"R\u00e9gimen Tributario Especial"}]},{"@type":"WebSite","@id":"https:\/\/marymountbogota.com\/newsite\/#website","url":"https:\/\/marymountbogota.com\/newsite\/","name":"Marymount Colegio Femenino en Bogot\u00e1 | Colegio Marymount Bogot\u00e1","description":"","publisher":{"@id":"https:\/\/marymountbogota.com\/newsite\/#organization"},"potentialAction":[{"@type":"SearchAction","target":{"@type":"EntryPoint","urlTemplate":"https:\/\/marymountbogota.com\/newsite\/?s={search_term_string}"},"query-input":{"@type":"PropertyValueSpecification","valueRequired":true,"valueName":"search_term_string"}}],"inLanguage":"es-CO"},{"@type":"Organization","@id":"https:\/\/marymountbogota.com\/newsite\/#organization","name":"Marymount Colegio Femenino en Bogot\u00e1 | Colegio Marymount Bogot\u00e1","url":"https:\/\/marymountbogota.com\/newsite\/","logo":{"@type":"ImageObject","inLanguage":"es-CO","@id":"https:\/\/marymountbogota.com\/newsite\/#\/schema\/logo\/image\/","url":"https:\/\/marymountbogota.com\/newsite\/wp-content\/uploads\/2025\/05\/logo-marymount-color.svg","contentUrl":"https:\/\/marymountbogota.com\/newsite\/wp-content\/uploads\/2025\/05\/logo-marymount-color.svg","width":224,"height":62,"caption":"Marymount Colegio Femenino en Bogot\u00e1 | Colegio Marymount Bogot\u00e1"},"image":{"@id":"https:\/\/marymountbogota.com\/newsite\/#\/schema\/logo\/image\/"}}]}},"_links":{"self":[{"href":"https:\/\/marymountbogota.com\/newsite\/wp-json\/wp\/v2\/pages\/3358","targetHints":{"allow":["GET"]}}],"collection":[{"href":"https:\/\/marymountbogota.com\/newsite\/wp-json\/wp\/v2\/pages"}],"about":[{"href":"https:\/\/marymountbogota.com\/newsite\/wp-json\/wp\/v2\/types\/page"}],"author":[{"embeddable":true,"href":"https:\/\/marymountbogota.com\/newsite\/wp-json\/wp\/v2\/users\/4"}],"replies":[{"embeddable":true,"href":"https:\/\/marymountbogota.com\/newsite\/wp-json\/wp\/v2\/comments?post=3358"}],"version-history":[{"count":10,"href":"https:\/\/marymountbogota.com\/newsite\/wp-json\/wp\/v2\/pages\/3358\/revisions"}],"predecessor-version":[{"id":3853,"href":"https:\/\/marymountbogota.com\/newsite\/wp-json\/wp\/v2\/pages\/3358\/revisions\/3853"}],"wp:attachment":[{"href":"https:\/\/marymountbogota.com\/newsite\/wp-json\/wp\/v2\/media?parent=3358"}],"curies":[{"name":"wp","href":"https:\/\/api.w.org\/{rel}","templated":true}]}}