{"id":3450,"date":"2025-09-22T12:15:03","date_gmt":"2025-09-22T17:15:03","guid":{"rendered":"https:\/\/marymountbogota.com\/newsite\/?page_id=3450"},"modified":"2026-03-09T15:35:32","modified_gmt":"2026-03-09T20:35:32","slug":"politica-de-calidad","status":"publish","type":"page","link":"https:\/\/marymountbogota.com\/newsite\/politica-de-calidad\/","title":{"rendered":"Pol\u00edtica de Calidad"},"content":{"rendered":"\t\t<div data-elementor-type=\"wp-page\" data-elementor-id=\"3450\" class=\"elementor elementor-3450\" data-elementor-post-type=\"page\">\n\t\t\t\t\t\t<section data-particle_enable=\"false\" data-particle-mobile-disabled=\"false\" class=\"has_ae_slider elementor-section elementor-top-section elementor-element elementor-element-a9c38c0 elementor-section-height-min-height elementor-section-boxed elementor-section-height-default elementor-section-items-middle ae-bg-gallery-type-default\" data-id=\"a9c38c0\" data-element_type=\"section\" data-e-type=\"section\" data-settings=\"{&quot;background_background&quot;:&quot;classic&quot;}\">\n\t\t\t\t\t\t\t<div class=\"elementor-background-overlay\"><\/div>\n\t\t\t\t\t\t\t<div class=\"elementor-container elementor-column-gap-default\">\n\t\t\t\t\t<div class=\"has_ae_slider elementor-column elementor-col-100 elementor-top-column elementor-element elementor-element-a4780de ae-bg-gallery-type-default\" data-id=\"a4780de\" data-element_type=\"column\" data-e-type=\"column\">\n\t\t\t<div class=\"elementor-widget-wrap elementor-element-populated\">\n\t\t\t\t\t\t<div class=\"elementor-element elementor-element-30bd047 elementor-widget elementor-widget-heading\" data-id=\"30bd047\" data-element_type=\"widget\" data-e-type=\"widget\" data-widget_type=\"heading.default\">\n\t\t\t\t<div class=\"elementor-widget-container\">\n\t\t\t\t\t<h1 class=\"elementor-heading-title elementor-size-default\">Pol\u00edtica de Calidad<\/h1>\t\t\t\t<\/div>\n\t\t\t\t<\/div>\n\t\t\t\t\t<\/div>\n\t\t<\/div>\n\t\t\t\t\t<\/div>\n\t\t<\/section>\n\t\t\t\t<section data-particle_enable=\"false\" data-particle-mobile-disabled=\"false\" class=\"has_ae_slider elementor-section elementor-top-section elementor-element elementor-element-b69a0ca elementor-section-boxed elementor-section-height-default elementor-section-height-default ae-bg-gallery-type-default\" data-id=\"b69a0ca\" data-element_type=\"section\" data-e-type=\"section\">\n\t\t\t\t\t\t<div class=\"elementor-container elementor-column-gap-default\">\n\t\t\t\t\t<div class=\"has_ae_slider elementor-column elementor-col-100 elementor-top-column elementor-element elementor-element-40f42e3 ae-bg-gallery-type-default\" data-id=\"40f42e3\" data-element_type=\"column\" data-e-type=\"column\">\n\t\t\t<div class=\"elementor-widget-wrap elementor-element-populated\">\n\t\t\t\t\t\t<div class=\"elementor-element elementor-element-6a71e4c elementor-widget elementor-widget-heading\" data-id=\"6a71e4c\" data-element_type=\"widget\" data-e-type=\"widget\" data-widget_type=\"heading.default\">\n\t\t\t\t<div class=\"elementor-widget-container\">\n\t\t\t\t\t<h2 class=\"elementor-heading-title elementor-size-default\">Certificado de Gesti\u00f3n de Calidad<\/h2>\t\t\t\t<\/div>\n\t\t\t\t<\/div>\n\t\t\t\t<div class=\"elementor-element elementor-element-7a20ad8 elementor-position-left elementor-vertical-align-middle elementor-widget elementor-widget-image-box\" data-id=\"7a20ad8\" data-element_type=\"widget\" data-e-type=\"widget\" data-widget_type=\"image-box.default\">\n\t\t\t\t<div class=\"elementor-widget-container\">\n\t\t\t\t\t<div class=\"elementor-image-box-wrapper\"><figure class=\"elementor-image-box-img\"><img decoding=\"async\" width=\"250\" height=\"164\" src=\"https:\/\/marymountbogota.com\/newsite\/wp-content\/uploads\/2025\/09\/Sello-Calidad-Marymount-2024.webp\" class=\"attachment-full size-full wp-image-3452\" alt=\"\" \/><\/figure><div class=\"elementor-image-box-content\"><p class=\"elementor-image-box-description\">El colegio recibi\u00f3 el primer certificado de calidad por el ICONTEC el 19 de diciembre de 2007 con \u00faltima ratificaci\u00f3n al 19 de diciembre de 2024.<\/p><\/div><\/div>\t\t\t\t<\/div>\n\t\t\t\t<\/div>\n\t\t\t\t<div class=\"elementor-element elementor-element-f0663bf elementor-widget elementor-widget-text-editor\" data-id=\"f0663bf\" data-element_type=\"widget\" data-e-type=\"widget\" data-widget_type=\"text-editor.default\">\n\t\t\t\t<div class=\"elementor-widget-container\">\n\t\t\t\t\t\t\t\t\t<h4 class=\"vc_custom_heading\">Pol\u00edtica de Calidad<\/h4><div class=\"wpb_text_column wpb_content_element \"><div class=\"wpb_wrapper\"><p>El Marymount se compromete a ser un referente de formaci\u00f3n de\u00a0<b>mujeres aprendices para toda la vida<\/b>, proyectando una <b>identidad institucional <\/b>s\u00f3lida basada en la <b>innovaci\u00f3n educativa, la formaci\u00f3n en valores y el bienestar de su comunidad.<\/b><\/p><p>A trav\u00e9s de un curr\u00edculo vanguardista, alineado con el desarrollo de competencias del siglo XXI, aseguramos un\u00a0<b>aprendizaje significativo y pertinente<\/b>. De igual forma, promovemos un ambiente de\u00a0<b>sana convivencia y salud socioemocional\u00a0<\/b>que fortalece el desarrollo integral de nuestras estudiantes y la armon\u00eda en la comunidad educativa.<\/p><p>Para ello, garantizamos que todas las\u00a0<b>iniciativas sean pertinentes\u00a0<\/b>y\u00a0<b>alineadas<\/b>\u00a0con nuestro\u00a0<b>horizonte institucional<\/b>, cumpliendo los requisitos normativos aplicables y la mejora continua.<\/p><\/div><\/div><h4 class=\"vc_custom_heading\">Objetivos de Calidad<\/h4><div class=\"wpb_text_column wpb_content_element \"><div class=\"wpb_wrapper\"><ol><li>Definir y proyectar una identidad institucional s\u00f3lida.<\/li><li>Posicionar la innovaci\u00f3n educativa como eje central.<\/li><li>Garantizar la alineaci\u00f3n continua de la pertinencia e impacto de las iniciativas institucionales.<\/li><li>Construir un ambiente de bienestar promoviendo la sana convivencia.<\/li><\/ol><\/div><\/div><h4 class=\"vc_custom_heading\">Alcance del Sistema de Gesti\u00f3n de Calidad &#8211; SGC<\/h4><div class=\"wpb_text_column wpb_content_element \"><div class=\"wpb_wrapper\"><p class=\"x_MsoNormal\">Dise\u00f1o y prestaci\u00f3n del servicio educativo en los niveles de preescolar, b\u00e1sica primaria, b\u00e1sica secundaria y media acad\u00e9mica.<\/p><\/div><p>Comit\u00e9 de sistemas de gesti\u00f3n<br \/>Colegio Marymount<br \/>DE-CA-POL-01 Versi\u00f3n 6<br \/>30\/10\/2025<\/p><\/div>\t\t\t\t\t\t\t\t<\/div>\n\t\t\t\t<\/div>\n\t\t\t\t\t<\/div>\n\t\t<\/div>\n\t\t\t\t\t<\/div>\n\t\t<\/section>\n\t\t\t\t<\/div>\n\t\t","protected":false},"excerpt":{"rendered":"<p>Certificado de Gesti\u00f3n de Calidad El colegio recibi\u00f3 el primer certificado de calidad por el ICONTEC el 19 de diciembre de 2007 con \u00faltima ratificaci\u00f3n al 19 de diciembre de 2024. Pol\u00edtica de Calidad El Marymount se compromete a ser un referente de formaci\u00f3n de\u00a0mujeres aprendices para toda la vida, proyectando una identidad institucional s\u00f3lida [&hellip;]<\/p>\n","protected":false},"author":4,"featured_media":0,"parent":0,"menu_order":0,"comment_status":"closed","ping_status":"closed","template":"","meta":{"_acf_changed":false,"inline_featured_image":false,"_joinchat":[],"footnotes":""},"class_list":["post-3450","page","type-page","status-publish","hentry"],"acf":[],"yoast_head":"<!-- This site is optimized with the Yoast SEO plugin v27.0 - https:\/\/yoast.com\/product\/yoast-seo-wordpress\/ -->\n<title>Pol\u00edtica de Calidad - Marymount Colegio Femenino en Bogot\u00e1 | Colegio Marymount Bogot\u00e1<\/title>\n<meta name=\"robots\" content=\"noindex, follow, max-snippet:-1, max-image-preview:large, max-video-preview:-1\" \/>\n<meta property=\"og:locale\" content=\"es_ES\" \/>\n<meta property=\"og:type\" content=\"article\" \/>\n<meta property=\"og:title\" content=\"Pol\u00edtica de Calidad - Marymount Colegio Femenino en Bogot\u00e1 | Colegio Marymount Bogot\u00e1\" \/>\n<meta property=\"og:description\" content=\"Certificado de Gesti\u00f3n de Calidad El colegio recibi\u00f3 el primer certificado de calidad por el ICONTEC el 19 de diciembre de 2007 con \u00faltima ratificaci\u00f3n al 19 de diciembre de 2024. Pol\u00edtica de Calidad El Marymount se compromete a ser un referente de formaci\u00f3n de\u00a0mujeres aprendices para toda la vida, proyectando una identidad institucional s\u00f3lida [&hellip;]\" \/>\n<meta property=\"og:url\" content=\"https:\/\/marymountbogota.com\/newsite\/politica-de-calidad\/\" \/>\n<meta property=\"og:site_name\" content=\"Marymount Colegio Femenino en Bogot\u00e1 | Colegio Marymount Bogot\u00e1\" \/>\n<meta property=\"article:modified_time\" content=\"2026-03-09T20:35:32+00:00\" \/>\n<meta property=\"og:image\" content=\"https:\/\/marymountbogota.com\/newsite\/wp-content\/uploads\/2025\/09\/Sello-Calidad-Marymount-2024.webp\" \/>\n\t<meta property=\"og:image:width\" content=\"250\" \/>\n\t<meta property=\"og:image:height\" content=\"164\" \/>\n\t<meta property=\"og:image:type\" content=\"image\/webp\" \/>\n<meta name=\"twitter:card\" content=\"summary_large_image\" \/>\n<script type=\"application\/ld+json\" class=\"yoast-schema-graph\">{\"@context\":\"https:\/\/schema.org\",\"@graph\":[{\"@type\":\"WebPage\",\"@id\":\"https:\/\/marymountbogota.com\/newsite\/politica-de-calidad\/\",\"url\":\"https:\/\/marymountbogota.com\/newsite\/politica-de-calidad\/\",\"name\":\"Pol\u00edtica de Calidad - Marymount Colegio Femenino en Bogot\u00e1 | Colegio Marymount Bogot\u00e1\",\"isPartOf\":{\"@id\":\"https:\/\/marymountbogota.com\/newsite\/#website\"},\"primaryImageOfPage\":{\"@id\":\"https:\/\/marymountbogota.com\/newsite\/politica-de-calidad\/#primaryimage\"},\"image\":{\"@id\":\"https:\/\/marymountbogota.com\/newsite\/politica-de-calidad\/#primaryimage\"},\"thumbnailUrl\":\"https:\/\/marymountbogota.com\/newsite\/wp-content\/uploads\/2025\/09\/Sello-Calidad-Marymount-2024.webp\",\"datePublished\":\"2025-09-22T17:15:03+00:00\",\"dateModified\":\"2026-03-09T20:35:32+00:00\",\"breadcrumb\":{\"@id\":\"https:\/\/marymountbogota.com\/newsite\/politica-de-calidad\/#breadcrumb\"},\"inLanguage\":\"es-CO\",\"potentialAction\":[{\"@type\":\"ReadAction\",\"target\":[\"https:\/\/marymountbogota.com\/newsite\/politica-de-calidad\/\"]}]},{\"@type\":\"ImageObject\",\"inLanguage\":\"es-CO\",\"@id\":\"https:\/\/marymountbogota.com\/newsite\/politica-de-calidad\/#primaryimage\",\"url\":\"https:\/\/marymountbogota.com\/newsite\/wp-content\/uploads\/2025\/09\/Sello-Calidad-Marymount-2024.webp\",\"contentUrl\":\"https:\/\/marymountbogota.com\/newsite\/wp-content\/uploads\/2025\/09\/Sello-Calidad-Marymount-2024.webp\",\"width\":250,\"height\":164},{\"@type\":\"BreadcrumbList\",\"@id\":\"https:\/\/marymountbogota.com\/newsite\/politica-de-calidad\/#breadcrumb\",\"itemListElement\":[{\"@type\":\"ListItem\",\"position\":1,\"name\":\"Inicio\",\"item\":\"https:\/\/marymountbogota.com\/newsite\/\"},{\"@type\":\"ListItem\",\"position\":2,\"name\":\"Pol\u00edtica de Calidad\"}]},{\"@type\":\"WebSite\",\"@id\":\"https:\/\/marymountbogota.com\/newsite\/#website\",\"url\":\"https:\/\/marymountbogota.com\/newsite\/\",\"name\":\"Marymount Colegio Femenino en Bogot\u00e1 | Colegio Marymount Bogot\u00e1\",\"description\":\"\",\"publisher\":{\"@id\":\"https:\/\/marymountbogota.com\/newsite\/#organization\"},\"potentialAction\":[{\"@type\":\"SearchAction\",\"target\":{\"@type\":\"EntryPoint\",\"urlTemplate\":\"https:\/\/marymountbogota.com\/newsite\/?s={search_term_string}\"},\"query-input\":{\"@type\":\"PropertyValueSpecification\",\"valueRequired\":true,\"valueName\":\"search_term_string\"}}],\"inLanguage\":\"es-CO\"},{\"@type\":\"Organization\",\"@id\":\"https:\/\/marymountbogota.com\/newsite\/#organization\",\"name\":\"Marymount Colegio Femenino en Bogot\u00e1 | Colegio Marymount Bogot\u00e1\",\"url\":\"https:\/\/marymountbogota.com\/newsite\/\",\"logo\":{\"@type\":\"ImageObject\",\"inLanguage\":\"es-CO\",\"@id\":\"https:\/\/marymountbogota.com\/newsite\/#\/schema\/logo\/image\/\",\"url\":\"https:\/\/marymountbogota.com\/newsite\/wp-content\/uploads\/2025\/05\/logo-marymount-color.svg\",\"contentUrl\":\"https:\/\/marymountbogota.com\/newsite\/wp-content\/uploads\/2025\/05\/logo-marymount-color.svg\",\"width\":224,\"height\":62,\"caption\":\"Marymount Colegio Femenino en Bogot\u00e1 | Colegio Marymount Bogot\u00e1\"},\"image\":{\"@id\":\"https:\/\/marymountbogota.com\/newsite\/#\/schema\/logo\/image\/\"}}]}<\/script>\n<!-- \/ Yoast SEO plugin. -->","yoast_head_json":{"title":"Pol\u00edtica de Calidad - Marymount Colegio Femenino en Bogot\u00e1 | Colegio Marymount Bogot\u00e1","robots":{"index":"noindex","follow":"follow","max-snippet":"max-snippet:-1","max-image-preview":"max-image-preview:large","max-video-preview":"max-video-preview:-1"},"og_locale":"es_ES","og_type":"article","og_title":"Pol\u00edtica de Calidad - Marymount Colegio Femenino en Bogot\u00e1 | Colegio Marymount Bogot\u00e1","og_description":"Certificado de Gesti\u00f3n de Calidad El colegio recibi\u00f3 el primer certificado de calidad por el ICONTEC el 19 de diciembre de 2007 con \u00faltima ratificaci\u00f3n al 19 de diciembre de 2024. Pol\u00edtica de Calidad El Marymount se compromete a ser un referente de formaci\u00f3n de\u00a0mujeres aprendices para toda la vida, proyectando una identidad institucional s\u00f3lida [&hellip;]","og_url":"https:\/\/marymountbogota.com\/newsite\/politica-de-calidad\/","og_site_name":"Marymount Colegio Femenino en Bogot\u00e1 | Colegio Marymount Bogot\u00e1","article_modified_time":"2026-03-09T20:35:32+00:00","og_image":[{"width":250,"height":164,"url":"https:\/\/marymountbogota.com\/newsite\/wp-content\/uploads\/2025\/09\/Sello-Calidad-Marymount-2024.webp","type":"image\/webp"}],"twitter_card":"summary_large_image","schema":{"@context":"https:\/\/schema.org","@graph":[{"@type":"WebPage","@id":"https:\/\/marymountbogota.com\/newsite\/politica-de-calidad\/","url":"https:\/\/marymountbogota.com\/newsite\/politica-de-calidad\/","name":"Pol\u00edtica de Calidad - Marymount Colegio Femenino en Bogot\u00e1 | Colegio Marymount Bogot\u00e1","isPartOf":{"@id":"https:\/\/marymountbogota.com\/newsite\/#website"},"primaryImageOfPage":{"@id":"https:\/\/marymountbogota.com\/newsite\/politica-de-calidad\/#primaryimage"},"image":{"@id":"https:\/\/marymountbogota.com\/newsite\/politica-de-calidad\/#primaryimage"},"thumbnailUrl":"https:\/\/marymountbogota.com\/newsite\/wp-content\/uploads\/2025\/09\/Sello-Calidad-Marymount-2024.webp","datePublished":"2025-09-22T17:15:03+00:00","dateModified":"2026-03-09T20:35:32+00:00","breadcrumb":{"@id":"https:\/\/marymountbogota.com\/newsite\/politica-de-calidad\/#breadcrumb"},"inLanguage":"es-CO","potentialAction":[{"@type":"ReadAction","target":["https:\/\/marymountbogota.com\/newsite\/politica-de-calidad\/"]}]},{"@type":"ImageObject","inLanguage":"es-CO","@id":"https:\/\/marymountbogota.com\/newsite\/politica-de-calidad\/#primaryimage","url":"https:\/\/marymountbogota.com\/newsite\/wp-content\/uploads\/2025\/09\/Sello-Calidad-Marymount-2024.webp","contentUrl":"https:\/\/marymountbogota.com\/newsite\/wp-content\/uploads\/2025\/09\/Sello-Calidad-Marymount-2024.webp","width":250,"height":164},{"@type":"BreadcrumbList","@id":"https:\/\/marymountbogota.com\/newsite\/politica-de-calidad\/#breadcrumb","itemListElement":[{"@type":"ListItem","position":1,"name":"Inicio","item":"https:\/\/marymountbogota.com\/newsite\/"},{"@type":"ListItem","position":2,"name":"Pol\u00edtica de Calidad"}]},{"@type":"WebSite","@id":"https:\/\/marymountbogota.com\/newsite\/#website","url":"https:\/\/marymountbogota.com\/newsite\/","name":"Marymount Colegio Femenino en Bogot\u00e1 | Colegio Marymount Bogot\u00e1","description":"","publisher":{"@id":"https:\/\/marymountbogota.com\/newsite\/#organization"},"potentialAction":[{"@type":"SearchAction","target":{"@type":"EntryPoint","urlTemplate":"https:\/\/marymountbogota.com\/newsite\/?s={search_term_string}"},"query-input":{"@type":"PropertyValueSpecification","valueRequired":true,"valueName":"search_term_string"}}],"inLanguage":"es-CO"},{"@type":"Organization","@id":"https:\/\/marymountbogota.com\/newsite\/#organization","name":"Marymount Colegio Femenino en Bogot\u00e1 | Colegio Marymount Bogot\u00e1","url":"https:\/\/marymountbogota.com\/newsite\/","logo":{"@type":"ImageObject","inLanguage":"es-CO","@id":"https:\/\/marymountbogota.com\/newsite\/#\/schema\/logo\/image\/","url":"https:\/\/marymountbogota.com\/newsite\/wp-content\/uploads\/2025\/05\/logo-marymount-color.svg","contentUrl":"https:\/\/marymountbogota.com\/newsite\/wp-content\/uploads\/2025\/05\/logo-marymount-color.svg","width":224,"height":62,"caption":"Marymount Colegio Femenino en Bogot\u00e1 | Colegio Marymount Bogot\u00e1"},"image":{"@id":"https:\/\/marymountbogota.com\/newsite\/#\/schema\/logo\/image\/"}}]}},"_links":{"self":[{"href":"https:\/\/marymountbogota.com\/newsite\/wp-json\/wp\/v2\/pages\/3450","targetHints":{"allow":["GET"]}}],"collection":[{"href":"https:\/\/marymountbogota.com\/newsite\/wp-json\/wp\/v2\/pages"}],"about":[{"href":"https:\/\/marymountbogota.com\/newsite\/wp-json\/wp\/v2\/types\/page"}],"author":[{"embeddable":true,"href":"https:\/\/marymountbogota.com\/newsite\/wp-json\/wp\/v2\/users\/4"}],"replies":[{"embeddable":true,"href":"https:\/\/marymountbogota.com\/newsite\/wp-json\/wp\/v2\/comments?post=3450"}],"version-history":[{"count":10,"href":"https:\/\/marymountbogota.com\/newsite\/wp-json\/wp\/v2\/pages\/3450\/revisions"}],"predecessor-version":[{"id":6712,"href":"https:\/\/marymountbogota.com\/newsite\/wp-json\/wp\/v2\/pages\/3450\/revisions\/6712"}],"wp:attachment":[{"href":"https:\/\/marymountbogota.com\/newsite\/wp-json\/wp\/v2\/media?parent=3450"}],"curies":[{"name":"wp","href":"https:\/\/api.w.org\/{rel}","templated":true}]}}