{"id":5550,"date":"2025-11-12T16:29:37","date_gmt":"2025-11-12T21:29:37","guid":{"rendered":"https:\/\/marymountbogota.com\/newsite\/?page_id=5550"},"modified":"2026-03-10T09:18:31","modified_gmt":"2026-03-10T14:18:31","slug":"calendario-anual","status":"publish","type":"page","link":"https:\/\/marymountbogota.com\/newsite\/calendario-anual\/","title":{"rendered":"Calendario Anual"},"content":{"rendered":"\t\t<div data-elementor-type=\"wp-page\" data-elementor-id=\"5550\" class=\"elementor elementor-5550\" data-elementor-post-type=\"page\">\n\t\t\t\t\t\t<section data-particle_enable=\"false\" data-particle-mobile-disabled=\"false\" class=\"has_ae_slider elementor-section elementor-top-section elementor-element elementor-element-1582b44 elementor-section-height-min-height elementor-section-items-bottom elementor-section-boxed elementor-section-height-default ae-bg-gallery-type-default\" data-id=\"1582b44\" data-element_type=\"section\" data-e-type=\"section\" data-settings=\"{&quot;background_background&quot;:&quot;classic&quot;}\">\n\t\t\t\t\t\t\t<div class=\"elementor-background-overlay\"><\/div>\n\t\t\t\t\t\t\t<div class=\"elementor-container elementor-column-gap-default\">\n\t\t\t\t\t<div class=\"has_ae_slider elementor-column elementor-col-100 elementor-top-column elementor-element elementor-element-22f0598 ae-bg-gallery-type-default\" data-id=\"22f0598\" data-element_type=\"column\" data-e-type=\"column\">\n\t\t\t<div class=\"elementor-widget-wrap elementor-element-populated\">\n\t\t\t\t\t\t<div class=\"elementor-element elementor-element-d74a91c elementor-widget__width-auto elementor-widget elementor-widget-heading\" data-id=\"d74a91c\" data-element_type=\"widget\" data-e-type=\"widget\" data-widget_type=\"heading.default\">\n\t\t\t\t<div class=\"elementor-widget-container\">\n\t\t\t\t\t<h1 class=\"elementor-heading-title elementor-size-default\">Calendario Anual<\/h1>\t\t\t\t<\/div>\n\t\t\t\t<\/div>\n\t\t\t\t\t<\/div>\n\t\t<\/div>\n\t\t\t\t\t<\/div>\n\t\t<\/section>\n\t\t\t\t<section data-particle_enable=\"false\" data-particle-mobile-disabled=\"false\" class=\"has_ae_slider elementor-section elementor-top-section elementor-element elementor-element-72eb072 elementor-section-boxed elementor-section-height-default elementor-section-height-default ae-bg-gallery-type-default\" data-id=\"72eb072\" data-element_type=\"section\" data-e-type=\"section\">\n\t\t\t\t\t\t<div class=\"elementor-container elementor-column-gap-default\">\n\t\t\t\t\t<div class=\"has_ae_slider elementor-column elementor-col-100 elementor-top-column elementor-element elementor-element-2db835b ae-bg-gallery-type-default\" data-id=\"2db835b\" data-element_type=\"column\" data-e-type=\"column\">\n\t\t\t<div class=\"elementor-widget-wrap elementor-element-populated\">\n\t\t\t\t\t\t<div class=\"elementor-element elementor-element-a2bbab2 custom-tab ct-blue elementor-widget elementor-widget-text-editor\" data-id=\"a2bbab2\" data-element_type=\"widget\" data-e-type=\"widget\" data-widget_type=\"text-editor.default\">\n\t\t\t\t<div class=\"elementor-widget-container\">\n\t\t\t\t\t\t\t\t\t<table><tbody><tr style=\"height: 41px;\"><td style=\"text-align: center; height: 41px; background-color: #232545; width: 43.2875%;\" valign=\"middle\"><span style=\"color: #ffffff; font-size: 14pt;\"><strong><span style=\"font-style: inherit;\">FECHA<\/span><\/strong><\/span><\/td><td style=\"text-align: center; height: 41px; background-color: #232545; width: 62.154%;\" valign=\"middle\"><span style=\"color: #ffffff; font-size: 14pt;\"><strong><span style=\"font-style: inherit;\">ACTIVIDAD<\/span><\/strong><\/span><\/td><\/tr><tr style=\"height: 23px;\"><td style=\"height: 29px; width: 105.441%; background-color: #21213e; text-align: center;\" colspan=\"2\" bgcolor=\"#232545\"><strong><span style=\"color: #ffffff;\">MARZO 2026<\/span><\/strong><\/td><\/tr><tr style=\"height: 43px;\"><td style=\"width: 43.2875%; height: 43px;\"><span style=\"font-style: inherit; font-weight: inherit;\">Mi\u00e9rcoles 18, jueves 19 y viernes 20<\/span><\/td><td style=\"width: 62.154%; height: 43px;\"><span style=\"font-style: inherit; font-weight: inherit;\">Festival Marymount<\/span><\/td><\/tr><tr style=\"height: 44px;\"><td style=\"width: 43.2875%; height: 44px;\"><span style=\"font-style: inherit; font-weight: inherit;\">Lunes, 16<\/span><\/td><td style=\"width: 62.154%; height: 44px;\"><span style=\"font-style: inherit; font-weight: inherit;\">Entrega de informes II Trimestre (no hay clases)<\/span><\/td><\/tr><tr style=\"height: 23px;\"><td style=\"height: 10px; width: 43.2875%;\"><span style=\"font-style: inherit; font-weight: inherit;\">Lunes, 30<\/span><\/td><td style=\"height: 10px; width: 62.154%;\"><span style=\"font-style: inherit; font-weight: inherit;\">Inicio de Semana Santa\u00a0<\/span><\/td><\/tr><tr style=\"height: 23px;\"><td style=\"height: 23px; width: 105.441%; background-color: #21213e; text-align: center;\" colspan=\"2\" bgcolor=\"#232545\"><strong><span style=\"color: #ffffff;\">ABRIL 2026<\/span><\/strong><\/td><\/tr><tr style=\"height: 23px;\"><td style=\"height: 23px; width: 43.2875%;\"><span style=\"font-style: inherit; font-weight: inherit;\">Lunes, 6<\/span><\/td><td style=\"height: 23px; width: 62.154%;\"><span style=\"font-style: inherit; font-weight: inherit;\">Lunes de pascua (no hay clases)<\/span><\/td><\/tr><tr style=\"height: 23px;\"><td style=\"height: 23px; width: 105.441%; background-color: #21213e; text-align: center;\" colspan=\"2\" bgcolor=\"#232545\"><strong><span style=\"color: #ffffff;\">MAYO 2026<\/span><\/strong><\/td><\/tr><tr style=\"height: 23px;\"><td style=\"height: 23px; width: 43.2875%;\"><span style=\"font-style: inherit; font-weight: inherit;\">S\u00e1bado, 23<\/span><\/td><td style=\"height: 23px; width: 62.154%;\"><span style=\"font-style: inherit; font-weight: inherit;\">Ceremonia de Primera Comuni\u00f3n<\/span><\/td><\/tr><tr style=\"height: 23px;\"><td style=\"height: 23px; width: 43.2875%;\"><span style=\"font-style: inherit; font-weight: inherit;\">Jueves, 14<\/span><\/td><td style=\"height: 23px; width: 62.154%;\"><span style=\"font-style: inherit; font-weight: inherit;\">Ceremonia de Confirmaci\u00f3n<\/span><\/td><\/tr><tr style=\"height: 25px;\"><td style=\"height: 25px; width: 43.2875%;\"><span style=\"font-style: inherit; font-weight: inherit;\">Viernes,<\/span><span style=\"font-style: inherit; font-weight: inherit;\"> 29<\/span><\/td><td style=\"height: 25px; width: 62.154%;\"><span style=\"font-style: inherit; font-weight: inherit;\">Cierre de actividades extracurriculares\u00a0 II Semestre<\/span><\/td><\/tr><tr style=\"height: 24px;\"><td style=\"height: 24px; width: 43.2875%;\"><span style=\"font-style: inherit; font-weight: inherit;\">Viernes, 29<\/span><\/td><td style=\"height: 24px; width: 62.154%;\"><span style=\"font-style: inherit; font-weight: inherit;\">Finalizaci\u00f3n entrenamientos deportivos II Semestre<\/span><\/td><\/tr><tr style=\"height: 23px;\"><td style=\"height: 23px; color: #ffffff; width: 105.441%; background-color: #21213e; text-align: center;\" colspan=\"2\" bgcolor=\"#232545\"><strong>JUNIO<span style=\"text-align: center;\"> 2026<\/span><\/strong><\/td><\/tr><tr style=\"height: 23px;\"><td style=\"height: 23px; width: 43.2875%;\"><span style=\"font-style: inherit; font-weight: inherit;\">Viernes, 12<\/span><\/td><td style=\"height: 23px; width: 62.154%;\"><span style=\"font-style: inherit; font-weight: inherit;\">Clausura \/ Salida a vacaciones<\/span><\/td><\/tr><tr style=\"height: 23px;\"><td style=\"height: 23px; width: 43.2875%;\"><span style=\"font-style: inherit; font-weight: inherit;\">Viernes, 19<\/span><\/td><td style=\"height: 23px; width: 62.154%;\"><span style=\"font-style: inherit; font-weight: inherit;\">Ceremonia de Graduaci\u00f3n<\/span><\/td><\/tr><tr style=\"height: 23px;\"><td style=\"height: 23px; width: 43.2875%;\">Miercoles, 24<\/td><td style=\"height: 23px; width: 62.154%;\"><span style=\"font-style: inherit; font-weight: inherit;\">Entrega de informes III Trimestre\u00a0<\/span><\/td><\/tr><\/tbody><\/table>\t\t\t\t\t\t\t\t<\/div>\n\t\t\t\t<\/div>\n\t\t\t\t\t<\/div>\n\t\t<\/div>\n\t\t\t\t\t<\/div>\n\t\t<\/section>\n\t\t\t\t<\/div>\n\t\t","protected":false},"excerpt":{"rendered":"<p>FECHA ACTIVIDAD MARZO 2026 Mi\u00e9rcoles 18, jueves 19 y viernes 20 Festival Marymount Lunes, 16 Entrega de informes II Trimestre (no hay clases) Lunes, 30 Inicio de Semana Santa\u00a0 ABRIL 2026 Lunes, 6 Lunes de pascua (no hay clases) MAYO 2026 S\u00e1bado, 23 Ceremonia de Primera Comuni\u00f3n Jueves, 14 Ceremonia de Confirmaci\u00f3n Viernes, 29 Cierre [&hellip;]<\/p>\n","protected":false},"author":1,"featured_media":0,"parent":0,"menu_order":0,"comment_status":"closed","ping_status":"closed","template":"","meta":{"_acf_changed":false,"inline_featured_image":false,"_joinchat":[],"footnotes":""},"class_list":["post-5550","page","type-page","status-publish","hentry"],"acf":[],"yoast_head":"<!-- This site is optimized with the Yoast SEO plugin v27.0 - https:\/\/yoast.com\/product\/yoast-seo-wordpress\/ -->\n<title>Calendario Anual - Marymount Colegio Femenino en Bogot\u00e1 | Colegio Marymount Bogot\u00e1<\/title>\n<meta name=\"robots\" content=\"noindex, follow, max-snippet:-1, max-image-preview:large, max-video-preview:-1\" \/>\n<meta property=\"og:locale\" content=\"es_ES\" \/>\n<meta property=\"og:type\" content=\"article\" \/>\n<meta property=\"og:title\" content=\"Calendario Anual - Marymount Colegio Femenino en Bogot\u00e1 | Colegio Marymount Bogot\u00e1\" \/>\n<meta property=\"og:description\" content=\"FECHA ACTIVIDAD MARZO 2026 Mi\u00e9rcoles 18, jueves 19 y viernes 20 Festival Marymount Lunes, 16 Entrega de informes II Trimestre (no hay clases) Lunes, 30 Inicio de Semana Santa\u00a0 ABRIL 2026 Lunes, 6 Lunes de pascua (no hay clases) MAYO 2026 S\u00e1bado, 23 Ceremonia de Primera Comuni\u00f3n Jueves, 14 Ceremonia de Confirmaci\u00f3n Viernes, 29 Cierre [&hellip;]\" \/>\n<meta property=\"og:url\" content=\"https:\/\/marymountbogota.com\/newsite\/calendario-anual\/\" \/>\n<meta property=\"og:site_name\" content=\"Marymount Colegio Femenino en Bogot\u00e1 | Colegio Marymount Bogot\u00e1\" \/>\n<meta property=\"article:modified_time\" content=\"2026-03-10T14:18:31+00:00\" \/>\n<meta name=\"twitter:card\" content=\"summary_large_image\" \/>\n<script type=\"application\/ld+json\" class=\"yoast-schema-graph\">{\"@context\":\"https:\/\/schema.org\",\"@graph\":[{\"@type\":\"WebPage\",\"@id\":\"https:\/\/marymountbogota.com\/newsite\/calendario-anual\/\",\"url\":\"https:\/\/marymountbogota.com\/newsite\/calendario-anual\/\",\"name\":\"Calendario Anual - Marymount Colegio Femenino en Bogot\u00e1 | Colegio Marymount Bogot\u00e1\",\"isPartOf\":{\"@id\":\"https:\/\/marymountbogota.com\/newsite\/#website\"},\"datePublished\":\"2025-11-12T21:29:37+00:00\",\"dateModified\":\"2026-03-10T14:18:31+00:00\",\"breadcrumb\":{\"@id\":\"https:\/\/marymountbogota.com\/newsite\/calendario-anual\/#breadcrumb\"},\"inLanguage\":\"es-CO\",\"potentialAction\":[{\"@type\":\"ReadAction\",\"target\":[\"https:\/\/marymountbogota.com\/newsite\/calendario-anual\/\"]}]},{\"@type\":\"BreadcrumbList\",\"@id\":\"https:\/\/marymountbogota.com\/newsite\/calendario-anual\/#breadcrumb\",\"itemListElement\":[{\"@type\":\"ListItem\",\"position\":1,\"name\":\"Inicio\",\"item\":\"https:\/\/marymountbogota.com\/newsite\/\"},{\"@type\":\"ListItem\",\"position\":2,\"name\":\"Calendario Anual\"}]},{\"@type\":\"WebSite\",\"@id\":\"https:\/\/marymountbogota.com\/newsite\/#website\",\"url\":\"https:\/\/marymountbogota.com\/newsite\/\",\"name\":\"Marymount Colegio Femenino en Bogot\u00e1 | Colegio Marymount Bogot\u00e1\",\"description\":\"\",\"publisher\":{\"@id\":\"https:\/\/marymountbogota.com\/newsite\/#organization\"},\"potentialAction\":[{\"@type\":\"SearchAction\",\"target\":{\"@type\":\"EntryPoint\",\"urlTemplate\":\"https:\/\/marymountbogota.com\/newsite\/?s={search_term_string}\"},\"query-input\":{\"@type\":\"PropertyValueSpecification\",\"valueRequired\":true,\"valueName\":\"search_term_string\"}}],\"inLanguage\":\"es-CO\"},{\"@type\":\"Organization\",\"@id\":\"https:\/\/marymountbogota.com\/newsite\/#organization\",\"name\":\"Marymount Colegio Femenino en Bogot\u00e1 | Colegio Marymount Bogot\u00e1\",\"url\":\"https:\/\/marymountbogota.com\/newsite\/\",\"logo\":{\"@type\":\"ImageObject\",\"inLanguage\":\"es-CO\",\"@id\":\"https:\/\/marymountbogota.com\/newsite\/#\/schema\/logo\/image\/\",\"url\":\"https:\/\/marymountbogota.com\/newsite\/wp-content\/uploads\/2025\/05\/logo-marymount-color.svg\",\"contentUrl\":\"https:\/\/marymountbogota.com\/newsite\/wp-content\/uploads\/2025\/05\/logo-marymount-color.svg\",\"width\":224,\"height\":62,\"caption\":\"Marymount Colegio Femenino en Bogot\u00e1 | Colegio Marymount Bogot\u00e1\"},\"image\":{\"@id\":\"https:\/\/marymountbogota.com\/newsite\/#\/schema\/logo\/image\/\"}}]}<\/script>\n<!-- \/ Yoast SEO plugin. -->","yoast_head_json":{"title":"Calendario Anual - Marymount Colegio Femenino en Bogot\u00e1 | Colegio Marymount Bogot\u00e1","robots":{"index":"noindex","follow":"follow","max-snippet":"max-snippet:-1","max-image-preview":"max-image-preview:large","max-video-preview":"max-video-preview:-1"},"og_locale":"es_ES","og_type":"article","og_title":"Calendario Anual - Marymount Colegio Femenino en Bogot\u00e1 | Colegio Marymount Bogot\u00e1","og_description":"FECHA ACTIVIDAD MARZO 2026 Mi\u00e9rcoles 18, jueves 19 y viernes 20 Festival Marymount Lunes, 16 Entrega de informes II Trimestre (no hay clases) Lunes, 30 Inicio de Semana Santa\u00a0 ABRIL 2026 Lunes, 6 Lunes de pascua (no hay clases) MAYO 2026 S\u00e1bado, 23 Ceremonia de Primera Comuni\u00f3n Jueves, 14 Ceremonia de Confirmaci\u00f3n Viernes, 29 Cierre [&hellip;]","og_url":"https:\/\/marymountbogota.com\/newsite\/calendario-anual\/","og_site_name":"Marymount Colegio Femenino en Bogot\u00e1 | Colegio Marymount Bogot\u00e1","article_modified_time":"2026-03-10T14:18:31+00:00","twitter_card":"summary_large_image","schema":{"@context":"https:\/\/schema.org","@graph":[{"@type":"WebPage","@id":"https:\/\/marymountbogota.com\/newsite\/calendario-anual\/","url":"https:\/\/marymountbogota.com\/newsite\/calendario-anual\/","name":"Calendario Anual - Marymount Colegio Femenino en Bogot\u00e1 | Colegio Marymount Bogot\u00e1","isPartOf":{"@id":"https:\/\/marymountbogota.com\/newsite\/#website"},"datePublished":"2025-11-12T21:29:37+00:00","dateModified":"2026-03-10T14:18:31+00:00","breadcrumb":{"@id":"https:\/\/marymountbogota.com\/newsite\/calendario-anual\/#breadcrumb"},"inLanguage":"es-CO","potentialAction":[{"@type":"ReadAction","target":["https:\/\/marymountbogota.com\/newsite\/calendario-anual\/"]}]},{"@type":"BreadcrumbList","@id":"https:\/\/marymountbogota.com\/newsite\/calendario-anual\/#breadcrumb","itemListElement":[{"@type":"ListItem","position":1,"name":"Inicio","item":"https:\/\/marymountbogota.com\/newsite\/"},{"@type":"ListItem","position":2,"name":"Calendario Anual"}]},{"@type":"WebSite","@id":"https:\/\/marymountbogota.com\/newsite\/#website","url":"https:\/\/marymountbogota.com\/newsite\/","name":"Marymount Colegio Femenino en Bogot\u00e1 | Colegio Marymount Bogot\u00e1","description":"","publisher":{"@id":"https:\/\/marymountbogota.com\/newsite\/#organization"},"potentialAction":[{"@type":"SearchAction","target":{"@type":"EntryPoint","urlTemplate":"https:\/\/marymountbogota.com\/newsite\/?s={search_term_string}"},"query-input":{"@type":"PropertyValueSpecification","valueRequired":true,"valueName":"search_term_string"}}],"inLanguage":"es-CO"},{"@type":"Organization","@id":"https:\/\/marymountbogota.com\/newsite\/#organization","name":"Marymount Colegio Femenino en Bogot\u00e1 | Colegio Marymount Bogot\u00e1","url":"https:\/\/marymountbogota.com\/newsite\/","logo":{"@type":"ImageObject","inLanguage":"es-CO","@id":"https:\/\/marymountbogota.com\/newsite\/#\/schema\/logo\/image\/","url":"https:\/\/marymountbogota.com\/newsite\/wp-content\/uploads\/2025\/05\/logo-marymount-color.svg","contentUrl":"https:\/\/marymountbogota.com\/newsite\/wp-content\/uploads\/2025\/05\/logo-marymount-color.svg","width":224,"height":62,"caption":"Marymount Colegio Femenino en Bogot\u00e1 | Colegio Marymount Bogot\u00e1"},"image":{"@id":"https:\/\/marymountbogota.com\/newsite\/#\/schema\/logo\/image\/"}}]}},"_links":{"self":[{"href":"https:\/\/marymountbogota.com\/newsite\/wp-json\/wp\/v2\/pages\/5550","targetHints":{"allow":["GET"]}}],"collection":[{"href":"https:\/\/marymountbogota.com\/newsite\/wp-json\/wp\/v2\/pages"}],"about":[{"href":"https:\/\/marymountbogota.com\/newsite\/wp-json\/wp\/v2\/types\/page"}],"author":[{"embeddable":true,"href":"https:\/\/marymountbogota.com\/newsite\/wp-json\/wp\/v2\/users\/1"}],"replies":[{"embeddable":true,"href":"https:\/\/marymountbogota.com\/newsite\/wp-json\/wp\/v2\/comments?post=5550"}],"version-history":[{"count":10,"href":"https:\/\/marymountbogota.com\/newsite\/wp-json\/wp\/v2\/pages\/5550\/revisions"}],"predecessor-version":[{"id":6747,"href":"https:\/\/marymountbogota.com\/newsite\/wp-json\/wp\/v2\/pages\/5550\/revisions\/6747"}],"wp:attachment":[{"href":"https:\/\/marymountbogota.com\/newsite\/wp-json\/wp\/v2\/media?parent=5550"}],"curies":[{"name":"wp","href":"https:\/\/api.w.org\/{rel}","templated":true}]}}