{"id":5572,"date":"2025-11-12T16:58:47","date_gmt":"2025-11-12T21:58:47","guid":{"rendered":"https:\/\/marymountbogota.com\/newsite\/?page_id=5572"},"modified":"2025-11-12T17:16:46","modified_gmt":"2025-11-12T22:16:46","slug":"escuela-de-padres","status":"publish","type":"page","link":"https:\/\/marymountbogota.com\/newsite\/escuela-de-padres\/","title":{"rendered":"Escuela de Padres"},"content":{"rendered":"\t\t<div data-elementor-type=\"wp-page\" data-elementor-id=\"5572\" class=\"elementor elementor-5572\" data-elementor-post-type=\"page\">\n\t\t\t\t\t\t<section data-particle_enable=\"false\" data-particle-mobile-disabled=\"false\" class=\"has_ae_slider elementor-section elementor-top-section elementor-element elementor-element-1582b44 elementor-section-height-min-height elementor-section-items-bottom elementor-section-boxed elementor-section-height-default ae-bg-gallery-type-default\" data-id=\"1582b44\" data-element_type=\"section\" data-e-type=\"section\" data-settings=\"{&quot;background_background&quot;:&quot;classic&quot;}\">\n\t\t\t\t\t\t\t<div class=\"elementor-background-overlay\"><\/div>\n\t\t\t\t\t\t\t<div class=\"elementor-container elementor-column-gap-default\">\n\t\t\t\t\t<div class=\"has_ae_slider elementor-column elementor-col-100 elementor-top-column elementor-element elementor-element-22f0598 ae-bg-gallery-type-default\" data-id=\"22f0598\" data-element_type=\"column\" data-e-type=\"column\">\n\t\t\t<div class=\"elementor-widget-wrap elementor-element-populated\">\n\t\t\t\t\t\t<div class=\"elementor-element elementor-element-d74a91c elementor-widget__width-auto elementor-widget elementor-widget-heading\" data-id=\"d74a91c\" data-element_type=\"widget\" data-e-type=\"widget\" data-widget_type=\"heading.default\">\n\t\t\t\t<div class=\"elementor-widget-container\">\n\t\t\t\t\t<h1 class=\"elementor-heading-title elementor-size-default\">Escuela de Padres<\/h1>\t\t\t\t<\/div>\n\t\t\t\t<\/div>\n\t\t\t\t\t<\/div>\n\t\t<\/div>\n\t\t\t\t\t<\/div>\n\t\t<\/section>\n\t\t\t\t<section data-particle_enable=\"false\" data-particle-mobile-disabled=\"false\" class=\"has_ae_slider elementor-section elementor-top-section elementor-element elementor-element-a9c045f elementor-reverse-tablet elementor-reverse-mobile elementor-section-boxed elementor-section-height-default elementor-section-height-default ae-bg-gallery-type-default\" data-id=\"a9c045f\" data-element_type=\"section\" data-e-type=\"section\">\n\t\t\t\t\t\t<div class=\"elementor-container elementor-column-gap-default\">\n\t\t\t\t\t<div class=\"has_ae_slider elementor-column elementor-col-50 elementor-top-column elementor-element elementor-element-90f915f ae-bg-gallery-type-default\" data-id=\"90f915f\" data-element_type=\"column\" data-e-type=\"column\" data-settings=\"{&quot;background_background&quot;:&quot;classic&quot;}\">\n\t\t\t<div class=\"elementor-widget-wrap elementor-element-populated\">\n\t\t\t\t\t\t<div class=\"elementor-element elementor-element-497028e elementor-widget elementor-widget-heading\" data-id=\"497028e\" data-element_type=\"widget\" data-e-type=\"widget\" data-widget_type=\"heading.default\">\n\t\t\t\t<div class=\"elementor-widget-container\">\n\t\t\t\t\t<h2 class=\"elementor-heading-title elementor-size-default\">T\u00edtulo 1<\/h2>\t\t\t\t<\/div>\n\t\t\t\t<\/div>\n\t\t\t\t<div class=\"elementor-element elementor-element-072b5fb elementor-widget elementor-widget-text-editor\" data-id=\"072b5fb\" data-element_type=\"widget\" data-e-type=\"widget\" data-widget_type=\"text-editor.default\">\n\t\t\t\t<div class=\"elementor-widget-container\">\n\t\t\t\t\t\t\t\t\t<p>Lorem ipsum dolor sit amet, consectetuer adipiscing elit. Aenean commodo ligula eget dolor. Aenean massa. Cum sociis natoque penatibus et magnis dis parturient montes, nascetur ridiculus mus. Donec quam felis, ultricies nec, pellentesque eu, pretium quis, sem. Nulla consequat massa quis enim. Donec pede justo, fringilla vel, aliquet nec, vulputate eget, arcu. In enim justo, rhoncus ut, imperdiet a, venenatis vitae, justo. Nullam dictum felis eu pede mollis pretium. Integer tincidunt. Cras dapibus.\u00a0<\/p>\t\t\t\t\t\t\t\t<\/div>\n\t\t\t\t<\/div>\n\t\t\t\t\t<\/div>\n\t\t<\/div>\n\t\t\t\t<div class=\"has_ae_slider elementor-column elementor-col-50 elementor-top-column elementor-element elementor-element-a8464dc ae-bg-gallery-type-default\" data-id=\"a8464dc\" data-element_type=\"column\" data-e-type=\"column\">\n\t\t\t<div class=\"elementor-widget-wrap elementor-element-populated\">\n\t\t\t\t\t\t<div class=\"elementor-element elementor-element-de75a4e corner-rounded line-top-r elementor-widget elementor-widget-image\" data-id=\"de75a4e\" data-element_type=\"widget\" data-e-type=\"widget\" data-widget_type=\"image.default\">\n\t\t\t\t<div class=\"elementor-widget-container\">\n\t\t\t\t\t\t\t\t\t\t\t\t\t\t\t<img fetchpriority=\"high\" decoding=\"async\" width=\"800\" height=\"500\" src=\"https:\/\/marymountbogota.com\/newsite\/wp-content\/uploads\/2025\/08\/instalaciones-1-1024x640.webp\" class=\"attachment-large size-large wp-image-1411\" alt=\"\" srcset=\"https:\/\/marymountbogota.com\/newsite\/wp-content\/uploads\/2025\/08\/instalaciones-1-1024x640.webp 1024w, https:\/\/marymountbogota.com\/newsite\/wp-content\/uploads\/2025\/08\/instalaciones-1-300x188.webp 300w, https:\/\/marymountbogota.com\/newsite\/wp-content\/uploads\/2025\/08\/instalaciones-1-768x480.webp 768w, https:\/\/marymountbogota.com\/newsite\/wp-content\/uploads\/2025\/08\/instalaciones-1.webp 1280w\" sizes=\"(max-width: 800px) 100vw, 800px\" \/>\t\t\t\t\t\t\t\t\t\t\t\t\t\t\t<\/div>\n\t\t\t\t<\/div>\n\t\t\t\t\t<\/div>\n\t\t<\/div>\n\t\t\t\t\t<\/div>\n\t\t<\/section>\n\t\t\t\t<section data-particle_enable=\"false\" data-particle-mobile-disabled=\"false\" class=\"has_ae_slider elementor-section elementor-top-section elementor-element elementor-element-5e3efd9 elementor-reverse-tablet elementor-reverse-mobile elementor-section-boxed elementor-section-height-default elementor-section-height-default ae-bg-gallery-type-default\" data-id=\"5e3efd9\" data-element_type=\"section\" data-e-type=\"section\">\n\t\t\t\t\t\t<div class=\"elementor-container elementor-column-gap-default\">\n\t\t\t\t\t<div class=\"has_ae_slider elementor-column elementor-col-50 elementor-top-column elementor-element elementor-element-d5b1996 ae-bg-gallery-type-default\" data-id=\"d5b1996\" data-element_type=\"column\" data-e-type=\"column\">\n\t\t\t<div class=\"elementor-widget-wrap elementor-element-populated\">\n\t\t\t\t\t\t<div class=\"elementor-element elementor-element-894b8e0 corner-rounded line-bottom-l elementor-widget elementor-widget-image\" data-id=\"894b8e0\" data-element_type=\"widget\" data-e-type=\"widget\" data-widget_type=\"image.default\">\n\t\t\t\t<div class=\"elementor-widget-container\">\n\t\t\t\t\t\t\t\t\t\t\t\t\t\t\t<img decoding=\"async\" width=\"800\" height=\"500\" src=\"https:\/\/marymountbogota.com\/newsite\/wp-content\/uploads\/2025\/08\/instalaciones-3-1024x640.webp\" class=\"attachment-large size-large wp-image-1413\" alt=\"Instalaciones\" srcset=\"https:\/\/marymountbogota.com\/newsite\/wp-content\/uploads\/2025\/08\/instalaciones-3-1024x640.webp 1024w, https:\/\/marymountbogota.com\/newsite\/wp-content\/uploads\/2025\/08\/instalaciones-3-300x188.webp 300w, https:\/\/marymountbogota.com\/newsite\/wp-content\/uploads\/2025\/08\/instalaciones-3-768x480.webp 768w, https:\/\/marymountbogota.com\/newsite\/wp-content\/uploads\/2025\/08\/instalaciones-3.webp 1280w\" sizes=\"(max-width: 800px) 100vw, 800px\" \/>\t\t\t\t\t\t\t\t\t\t\t\t\t\t\t<\/div>\n\t\t\t\t<\/div>\n\t\t\t\t\t<\/div>\n\t\t<\/div>\n\t\t\t\t<div class=\"has_ae_slider elementor-column elementor-col-50 elementor-top-column elementor-element elementor-element-a73d23f ae-bg-gallery-type-default\" data-id=\"a73d23f\" data-element_type=\"column\" data-e-type=\"column\" data-settings=\"{&quot;background_background&quot;:&quot;classic&quot;}\">\n\t\t\t<div class=\"elementor-widget-wrap elementor-element-populated\">\n\t\t\t\t\t\t<div class=\"elementor-element elementor-element-640fe02 elementor-widget elementor-widget-heading\" data-id=\"640fe02\" data-element_type=\"widget\" data-e-type=\"widget\" data-widget_type=\"heading.default\">\n\t\t\t\t<div class=\"elementor-widget-container\">\n\t\t\t\t\t<h2 class=\"elementor-heading-title elementor-size-default\">T\u00edtulo 2<\/h2>\t\t\t\t<\/div>\n\t\t\t\t<\/div>\n\t\t\t\t<div class=\"elementor-element elementor-element-94d1937 elementor-widget elementor-widget-text-editor\" data-id=\"94d1937\" data-element_type=\"widget\" data-e-type=\"widget\" data-widget_type=\"text-editor.default\">\n\t\t\t\t<div class=\"elementor-widget-container\">\n\t\t\t\t\t\t\t\t\t<p>Lorem ipsum dolor sit amet, consectetuer adipiscing elit. Aenean commodo ligula eget dolor. Aenean massa. Cum sociis natoque penatibus et magnis dis parturient montes, nascetur ridiculus mus. Donec quam felis, ultricies nec, pellentesque eu, pretium quis, sem. Nulla consequat massa quis enim. Donec pede justo, fringilla vel, aliquet nec, vulputate eget, arcu. In enim justo, rhoncus ut, imperdiet a, venenatis vitae, justo. Nullam dictum felis eu pede mollis pretium. Integer tincidunt. Cras dapibus.\u00a0<\/p>\t\t\t\t\t\t\t\t<\/div>\n\t\t\t\t<\/div>\n\t\t\t\t\t<\/div>\n\t\t<\/div>\n\t\t\t\t\t<\/div>\n\t\t<\/section>\n\t\t\t\t<\/div>\n\t\t","protected":false},"excerpt":{"rendered":"<p>T\u00edtulo 1 Lorem ipsum dolor sit amet, consectetuer adipiscing elit. Aenean commodo ligula eget dolor. Aenean massa. Cum sociis natoque penatibus et magnis dis parturient montes, nascetur ridiculus mus. Donec quam felis, ultricies nec, pellentesque eu, pretium quis, sem. Nulla consequat massa quis enim. Donec pede justo, fringilla vel, aliquet nec, vulputate eget, arcu. In [&hellip;]<\/p>\n","protected":false},"author":1,"featured_media":0,"parent":0,"menu_order":0,"comment_status":"closed","ping_status":"closed","template":"","meta":{"_acf_changed":false,"inline_featured_image":false,"_joinchat":[],"footnotes":""},"class_list":["post-5572","page","type-page","status-publish","hentry"],"acf":[],"yoast_head":"<!-- This site is optimized with the Yoast SEO plugin v27.0 - https:\/\/yoast.com\/product\/yoast-seo-wordpress\/ -->\n<title>Escuela de Padres - Marymount Colegio Femenino en Bogot\u00e1 | Colegio Marymount Bogot\u00e1<\/title>\n<meta name=\"robots\" content=\"noindex, follow, max-snippet:-1, max-image-preview:large, max-video-preview:-1\" \/>\n<meta property=\"og:locale\" content=\"es_ES\" \/>\n<meta property=\"og:type\" content=\"article\" \/>\n<meta property=\"og:title\" content=\"Escuela de Padres - Marymount Colegio Femenino en Bogot\u00e1 | Colegio Marymount Bogot\u00e1\" \/>\n<meta property=\"og:description\" content=\"T\u00edtulo 1 Lorem ipsum dolor sit amet, consectetuer adipiscing elit. Aenean commodo ligula eget dolor. Aenean massa. Cum sociis natoque penatibus et magnis dis parturient montes, nascetur ridiculus mus. Donec quam felis, ultricies nec, pellentesque eu, pretium quis, sem. Nulla consequat massa quis enim. Donec pede justo, fringilla vel, aliquet nec, vulputate eget, arcu. In [&hellip;]\" \/>\n<meta property=\"og:url\" content=\"https:\/\/marymountbogota.com\/newsite\/escuela-de-padres\/\" \/>\n<meta property=\"og:site_name\" content=\"Marymount Colegio Femenino en Bogot\u00e1 | Colegio Marymount Bogot\u00e1\" \/>\n<meta property=\"article:modified_time\" content=\"2025-11-12T22:16:46+00:00\" \/>\n<meta property=\"og:image\" content=\"https:\/\/marymountbogota.com\/newsite\/wp-content\/uploads\/2025\/08\/instalaciones-1.webp\" \/>\n\t<meta property=\"og:image:width\" content=\"1280\" \/>\n\t<meta property=\"og:image:height\" content=\"800\" \/>\n\t<meta property=\"og:image:type\" content=\"image\/webp\" \/>\n<meta name=\"twitter:card\" content=\"summary_large_image\" \/>\n<script type=\"application\/ld+json\" class=\"yoast-schema-graph\">{\"@context\":\"https:\/\/schema.org\",\"@graph\":[{\"@type\":\"WebPage\",\"@id\":\"https:\/\/marymountbogota.com\/newsite\/escuela-de-padres\/\",\"url\":\"https:\/\/marymountbogota.com\/newsite\/escuela-de-padres\/\",\"name\":\"Escuela de Padres - Marymount Colegio Femenino en Bogot\u00e1 | Colegio Marymount Bogot\u00e1\",\"isPartOf\":{\"@id\":\"https:\/\/marymountbogota.com\/newsite\/#website\"},\"primaryImageOfPage\":{\"@id\":\"https:\/\/marymountbogota.com\/newsite\/escuela-de-padres\/#primaryimage\"},\"image\":{\"@id\":\"https:\/\/marymountbogota.com\/newsite\/escuela-de-padres\/#primaryimage\"},\"thumbnailUrl\":\"https:\/\/marymountbogota.com\/newsite\/wp-content\/uploads\/2025\/08\/instalaciones-1-1024x640.webp\",\"datePublished\":\"2025-11-12T21:58:47+00:00\",\"dateModified\":\"2025-11-12T22:16:46+00:00\",\"breadcrumb\":{\"@id\":\"https:\/\/marymountbogota.com\/newsite\/escuela-de-padres\/#breadcrumb\"},\"inLanguage\":\"es-CO\",\"potentialAction\":[{\"@type\":\"ReadAction\",\"target\":[\"https:\/\/marymountbogota.com\/newsite\/escuela-de-padres\/\"]}]},{\"@type\":\"ImageObject\",\"inLanguage\":\"es-CO\",\"@id\":\"https:\/\/marymountbogota.com\/newsite\/escuela-de-padres\/#primaryimage\",\"url\":\"https:\/\/marymountbogota.com\/newsite\/wp-content\/uploads\/2025\/08\/instalaciones-1.webp\",\"contentUrl\":\"https:\/\/marymountbogota.com\/newsite\/wp-content\/uploads\/2025\/08\/instalaciones-1.webp\",\"width\":1280,\"height\":800},{\"@type\":\"BreadcrumbList\",\"@id\":\"https:\/\/marymountbogota.com\/newsite\/escuela-de-padres\/#breadcrumb\",\"itemListElement\":[{\"@type\":\"ListItem\",\"position\":1,\"name\":\"Inicio\",\"item\":\"https:\/\/marymountbogota.com\/newsite\/\"},{\"@type\":\"ListItem\",\"position\":2,\"name\":\"Escuela de Padres\"}]},{\"@type\":\"WebSite\",\"@id\":\"https:\/\/marymountbogota.com\/newsite\/#website\",\"url\":\"https:\/\/marymountbogota.com\/newsite\/\",\"name\":\"Marymount Colegio Femenino en Bogot\u00e1 | Colegio Marymount Bogot\u00e1\",\"description\":\"\",\"publisher\":{\"@id\":\"https:\/\/marymountbogota.com\/newsite\/#organization\"},\"potentialAction\":[{\"@type\":\"SearchAction\",\"target\":{\"@type\":\"EntryPoint\",\"urlTemplate\":\"https:\/\/marymountbogota.com\/newsite\/?s={search_term_string}\"},\"query-input\":{\"@type\":\"PropertyValueSpecification\",\"valueRequired\":true,\"valueName\":\"search_term_string\"}}],\"inLanguage\":\"es-CO\"},{\"@type\":\"Organization\",\"@id\":\"https:\/\/marymountbogota.com\/newsite\/#organization\",\"name\":\"Marymount Colegio Femenino en Bogot\u00e1 | Colegio Marymount Bogot\u00e1\",\"url\":\"https:\/\/marymountbogota.com\/newsite\/\",\"logo\":{\"@type\":\"ImageObject\",\"inLanguage\":\"es-CO\",\"@id\":\"https:\/\/marymountbogota.com\/newsite\/#\/schema\/logo\/image\/\",\"url\":\"https:\/\/marymountbogota.com\/newsite\/wp-content\/uploads\/2025\/05\/logo-marymount-color.svg\",\"contentUrl\":\"https:\/\/marymountbogota.com\/newsite\/wp-content\/uploads\/2025\/05\/logo-marymount-color.svg\",\"width\":224,\"height\":62,\"caption\":\"Marymount Colegio Femenino en Bogot\u00e1 | Colegio Marymount Bogot\u00e1\"},\"image\":{\"@id\":\"https:\/\/marymountbogota.com\/newsite\/#\/schema\/logo\/image\/\"}}]}<\/script>\n<!-- \/ Yoast SEO plugin. -->","yoast_head_json":{"title":"Escuela de Padres - Marymount Colegio Femenino en Bogot\u00e1 | Colegio Marymount Bogot\u00e1","robots":{"index":"noindex","follow":"follow","max-snippet":"max-snippet:-1","max-image-preview":"max-image-preview:large","max-video-preview":"max-video-preview:-1"},"og_locale":"es_ES","og_type":"article","og_title":"Escuela de Padres - Marymount Colegio Femenino en Bogot\u00e1 | Colegio Marymount Bogot\u00e1","og_description":"T\u00edtulo 1 Lorem ipsum dolor sit amet, consectetuer adipiscing elit. Aenean commodo ligula eget dolor. Aenean massa. Cum sociis natoque penatibus et magnis dis parturient montes, nascetur ridiculus mus. Donec quam felis, ultricies nec, pellentesque eu, pretium quis, sem. Nulla consequat massa quis enim. Donec pede justo, fringilla vel, aliquet nec, vulputate eget, arcu. In [&hellip;]","og_url":"https:\/\/marymountbogota.com\/newsite\/escuela-de-padres\/","og_site_name":"Marymount Colegio Femenino en Bogot\u00e1 | Colegio Marymount Bogot\u00e1","article_modified_time":"2025-11-12T22:16:46+00:00","og_image":[{"width":1280,"height":800,"url":"https:\/\/marymountbogota.com\/newsite\/wp-content\/uploads\/2025\/08\/instalaciones-1.webp","type":"image\/webp"}],"twitter_card":"summary_large_image","schema":{"@context":"https:\/\/schema.org","@graph":[{"@type":"WebPage","@id":"https:\/\/marymountbogota.com\/newsite\/escuela-de-padres\/","url":"https:\/\/marymountbogota.com\/newsite\/escuela-de-padres\/","name":"Escuela de Padres - Marymount Colegio Femenino en Bogot\u00e1 | Colegio Marymount Bogot\u00e1","isPartOf":{"@id":"https:\/\/marymountbogota.com\/newsite\/#website"},"primaryImageOfPage":{"@id":"https:\/\/marymountbogota.com\/newsite\/escuela-de-padres\/#primaryimage"},"image":{"@id":"https:\/\/marymountbogota.com\/newsite\/escuela-de-padres\/#primaryimage"},"thumbnailUrl":"https:\/\/marymountbogota.com\/newsite\/wp-content\/uploads\/2025\/08\/instalaciones-1-1024x640.webp","datePublished":"2025-11-12T21:58:47+00:00","dateModified":"2025-11-12T22:16:46+00:00","breadcrumb":{"@id":"https:\/\/marymountbogota.com\/newsite\/escuela-de-padres\/#breadcrumb"},"inLanguage":"es-CO","potentialAction":[{"@type":"ReadAction","target":["https:\/\/marymountbogota.com\/newsite\/escuela-de-padres\/"]}]},{"@type":"ImageObject","inLanguage":"es-CO","@id":"https:\/\/marymountbogota.com\/newsite\/escuela-de-padres\/#primaryimage","url":"https:\/\/marymountbogota.com\/newsite\/wp-content\/uploads\/2025\/08\/instalaciones-1.webp","contentUrl":"https:\/\/marymountbogota.com\/newsite\/wp-content\/uploads\/2025\/08\/instalaciones-1.webp","width":1280,"height":800},{"@type":"BreadcrumbList","@id":"https:\/\/marymountbogota.com\/newsite\/escuela-de-padres\/#breadcrumb","itemListElement":[{"@type":"ListItem","position":1,"name":"Inicio","item":"https:\/\/marymountbogota.com\/newsite\/"},{"@type":"ListItem","position":2,"name":"Escuela de Padres"}]},{"@type":"WebSite","@id":"https:\/\/marymountbogota.com\/newsite\/#website","url":"https:\/\/marymountbogota.com\/newsite\/","name":"Marymount Colegio Femenino en Bogot\u00e1 | Colegio Marymount Bogot\u00e1","description":"","publisher":{"@id":"https:\/\/marymountbogota.com\/newsite\/#organization"},"potentialAction":[{"@type":"SearchAction","target":{"@type":"EntryPoint","urlTemplate":"https:\/\/marymountbogota.com\/newsite\/?s={search_term_string}"},"query-input":{"@type":"PropertyValueSpecification","valueRequired":true,"valueName":"search_term_string"}}],"inLanguage":"es-CO"},{"@type":"Organization","@id":"https:\/\/marymountbogota.com\/newsite\/#organization","name":"Marymount Colegio Femenino en Bogot\u00e1 | Colegio Marymount Bogot\u00e1","url":"https:\/\/marymountbogota.com\/newsite\/","logo":{"@type":"ImageObject","inLanguage":"es-CO","@id":"https:\/\/marymountbogota.com\/newsite\/#\/schema\/logo\/image\/","url":"https:\/\/marymountbogota.com\/newsite\/wp-content\/uploads\/2025\/05\/logo-marymount-color.svg","contentUrl":"https:\/\/marymountbogota.com\/newsite\/wp-content\/uploads\/2025\/05\/logo-marymount-color.svg","width":224,"height":62,"caption":"Marymount Colegio Femenino en Bogot\u00e1 | Colegio Marymount Bogot\u00e1"},"image":{"@id":"https:\/\/marymountbogota.com\/newsite\/#\/schema\/logo\/image\/"}}]}},"_links":{"self":[{"href":"https:\/\/marymountbogota.com\/newsite\/wp-json\/wp\/v2\/pages\/5572","targetHints":{"allow":["GET"]}}],"collection":[{"href":"https:\/\/marymountbogota.com\/newsite\/wp-json\/wp\/v2\/pages"}],"about":[{"href":"https:\/\/marymountbogota.com\/newsite\/wp-json\/wp\/v2\/types\/page"}],"author":[{"embeddable":true,"href":"https:\/\/marymountbogota.com\/newsite\/wp-json\/wp\/v2\/users\/1"}],"replies":[{"embeddable":true,"href":"https:\/\/marymountbogota.com\/newsite\/wp-json\/wp\/v2\/comments?post=5572"}],"version-history":[{"count":10,"href":"https:\/\/marymountbogota.com\/newsite\/wp-json\/wp\/v2\/pages\/5572\/revisions"}],"predecessor-version":[{"id":5589,"href":"https:\/\/marymountbogota.com\/newsite\/wp-json\/wp\/v2\/pages\/5572\/revisions\/5589"}],"wp:attachment":[{"href":"https:\/\/marymountbogota.com\/newsite\/wp-json\/wp\/v2\/media?parent=5572"}],"curies":[{"name":"wp","href":"https:\/\/api.w.org\/{rel}","templated":true}]}}