{"id":707,"date":"2025-07-11T17:48:59","date_gmt":"2025-07-11T22:48:59","guid":{"rendered":"https:\/\/marymountbogota.com\/newsite\/?page_id=707"},"modified":"2025-11-06T08:12:33","modified_gmt":"2025-11-06T13:12:33","slug":"rectoria","status":"publish","type":"page","link":"https:\/\/marymountbogota.com\/newsite\/rectoria\/","title":{"rendered":"Rector\u00eda"},"content":{"rendered":"\t\t<div data-elementor-type=\"wp-page\" data-elementor-id=\"707\" class=\"elementor elementor-707\" data-elementor-post-type=\"page\">\n\t\t\t\t\t\t<section data-particle_enable=\"false\" data-particle-mobile-disabled=\"false\" class=\"has_ae_slider elementor-section elementor-top-section elementor-element elementor-element-32a946e elementor-section-height-min-height elementor-section-items-bottom elementor-section-boxed elementor-section-height-default ae-bg-gallery-type-default\" data-id=\"32a946e\" data-element_type=\"section\" data-e-type=\"section\" data-settings=\"{&quot;background_background&quot;:&quot;classic&quot;}\">\n\t\t\t\t\t\t\t<div class=\"elementor-background-overlay\"><\/div>\n\t\t\t\t\t\t\t<div class=\"elementor-container elementor-column-gap-default\">\n\t\t\t\t\t<div class=\"has_ae_slider elementor-column elementor-col-100 elementor-top-column elementor-element elementor-element-2443916 ae-bg-gallery-type-default\" data-id=\"2443916\" data-element_type=\"column\" data-e-type=\"column\">\n\t\t\t<div class=\"elementor-widget-wrap elementor-element-populated\">\n\t\t\t\t\t\t<div class=\"elementor-element elementor-element-bee3a55 elementor-widget__width-auto elementor-widget elementor-widget-heading\" data-id=\"bee3a55\" data-element_type=\"widget\" data-e-type=\"widget\" data-widget_type=\"heading.default\">\n\t\t\t\t<div class=\"elementor-widget-container\">\n\t\t\t\t\t<h1 class=\"elementor-heading-title elementor-size-default\">Rector\u00eda<\/h1>\t\t\t\t<\/div>\n\t\t\t\t<\/div>\n\t\t\t\t\t<\/div>\n\t\t<\/div>\n\t\t\t\t\t<\/div>\n\t\t<\/section>\n\t\t\t\t<section data-particle_enable=\"false\" data-particle-mobile-disabled=\"false\" class=\"has_ae_slider elementor-section elementor-top-section elementor-element elementor-element-e94996d elementor-section-full_width elementor-section-height-default elementor-section-height-default ae-bg-gallery-type-default\" data-id=\"e94996d\" data-element_type=\"section\" data-e-type=\"section\">\n\t\t\t\t\t\t<div class=\"elementor-container elementor-column-gap-default\">\n\t\t\t\t\t<div class=\"has_ae_slider elementor-column elementor-col-50 elementor-top-column elementor-element elementor-element-72d94ef ae-bg-gallery-type-default\" data-id=\"72d94ef\" data-element_type=\"column\" data-e-type=\"column\" data-settings=\"{&quot;background_background&quot;:&quot;classic&quot;}\">\n\t\t\t<div class=\"elementor-widget-wrap elementor-element-populated\">\n\t\t\t\t\t\t<div class=\"elementor-element elementor-element-286c996 elementor-widget elementor-widget-spacer\" data-id=\"286c996\" data-element_type=\"widget\" data-e-type=\"widget\" data-widget_type=\"spacer.default\">\n\t\t\t\t<div class=\"elementor-widget-container\">\n\t\t\t\t\t\t\t<div class=\"elementor-spacer\">\n\t\t\t<div class=\"elementor-spacer-inner\"><\/div>\n\t\t<\/div>\n\t\t\t\t\t\t<\/div>\n\t\t\t\t<\/div>\n\t\t\t\t<section data-particle_enable=\"false\" data-particle-mobile-disabled=\"false\" class=\"has_ae_slider elementor-section elementor-inner-section elementor-element elementor-element-09a49b0 elementor-section-boxed elementor-section-height-default elementor-section-height-default ae-bg-gallery-type-default\" data-id=\"09a49b0\" data-element_type=\"section\" data-e-type=\"section\">\n\t\t\t\t\t\t<div class=\"elementor-container elementor-column-gap-default\">\n\t\t\t\t\t<div class=\"has_ae_slider elementor-column elementor-col-100 elementor-inner-column elementor-element elementor-element-17b4344 ae-bg-gallery-type-default\" data-id=\"17b4344\" data-element_type=\"column\" data-e-type=\"column\" data-settings=\"{&quot;background_background&quot;:&quot;classic&quot;}\">\n\t\t\t<div class=\"elementor-widget-wrap elementor-element-populated\">\n\t\t\t\t\t\t<div class=\"elementor-element elementor-element-79d1b04 elementor-widget elementor-widget-heading\" data-id=\"79d1b04\" data-element_type=\"widget\" data-e-type=\"widget\" data-widget_type=\"heading.default\">\n\t\t\t\t<div class=\"elementor-widget-container\">\n\t\t\t\t\t<h2 class=\"elementor-heading-title elementor-size-default\">Carta de la Rectora<\/h2>\t\t\t\t<\/div>\n\t\t\t\t<\/div>\n\t\t\t\t<div class=\"elementor-element elementor-element-9470098 elementor-widget-divider--view-line elementor-widget elementor-widget-divider\" data-id=\"9470098\" data-element_type=\"widget\" data-e-type=\"widget\" data-widget_type=\"divider.default\">\n\t\t\t\t<div class=\"elementor-widget-container\">\n\t\t\t\t\t\t\t<div class=\"elementor-divider\">\n\t\t\t<span class=\"elementor-divider-separator\">\n\t\t\t\t\t\t<\/span>\n\t\t<\/div>\n\t\t\t\t\t\t<\/div>\n\t\t\t\t<\/div>\n\t\t\t\t<div class=\"elementor-element elementor-element-1767e21 elementor-widget elementor-widget-text-editor\" data-id=\"1767e21\" data-element_type=\"widget\" data-e-type=\"widget\" data-widget_type=\"text-editor.default\">\n\t\t\t\t<div class=\"elementor-widget-container\">\n\t\t\t\t\t\t\t\t\t<p>Querida comunidad,<\/p><p>Soy <strong>\u00c1ngela Botero<\/strong> y es un honor para m\u00ed formar parte de esta maravillosa comunidad educativa. A lo largo de mi vida, he tenido el privilegio de vivir el colegio desde m\u00faltiples perspectivas: fui estudiante, profesora, madre, directora de secci\u00f3n y hoy, con profundo orgullo, ocupo el cargo de rectora. Ser parte de una instituci\u00f3n que educa con prop\u00f3sito es una responsabilidad que asumo con compromiso, entusiasmo y convicci\u00f3n.<\/p><p>Nuestro colegio se gu\u00eda por un lema que refleja con claridad nuestra esencia y visi\u00f3n: \u201cmentes empoderadas, corazones compasivos\u201d\u00a0(empowered minds, compassionate hearts). Vivimos este lema en cada rinc\u00f3n de nuestra instituci\u00f3n, cultivando un entorno seguro donde, desde hace m\u00e1s de siete d\u00e9cadas, promovemos el desarrollo intelectual, espiritual y social de nuestros estudiantes. Formamos l\u00edderes capaces de transformar el mundo con sensibilidad, respeto, solidaridad, integridad, empat\u00eda y un firme compromiso con el servicio y la justicia.<\/p><p>Desde que asum\u00ed este cargo en noviembre de 2024, he enfocado mi energ\u00eda y experiencia en liderar la estructuraci\u00f3n e implementaci\u00f3n de un Plan Estrat\u00e9gico que renueva nuestra identidad institucional. Este plan honra nuestro legado, pero tambi\u00e9n nos proyecta hacia el futuro con relevancia, inspiraci\u00f3n y excelencia. Es una hoja de ruta ambiciosa y rigurosa, centrada en pilares fundamentales para la educaci\u00f3n del siglo XXI: innovaci\u00f3n educativa, transformaci\u00f3n digital y tecnol\u00f3gica, internacionalizaci\u00f3n, biling\u00fcismo, estrategias de bienestar y convivencia, y el fortalecimiento de nuestro talento humano.<\/p><p>Uno de los proyectos que acompa\u00f1a este Plan y que me llena de entusiasmo es la consolidaci\u00f3n del continuo del Bachillerato Internacional (IB), que incluye el Programa de la Escuela Primaria (PEP), el Programa de los A\u00f1os Intermedios (PAI) y el Programa del Diploma (DP). Ser un colegio IB nos permite ofrecer una educaci\u00f3n que se distingue no solo por su excelencia acad\u00e9mica, sino por promover una mirada cr\u00edtica, global, comprometida y profundamente humana. En el Marymount, la excelencia acad\u00e9mica se vive de la mano de un compromiso genuino con el desarrollo integral de cada estudiante, respetando su ritmo individual: adaptamos y diferenciamos el aprendizaje para superar posibles barreras y potenciar las habilidades excepcionales de cada estudiante.<\/p><p>Mientras navegan por nuestra p\u00e1gina web, descubrir\u00e1n un colegio que no solo responde a los desaf\u00edos del presente, sino que se anticipa, con audacia y visi\u00f3n, a los retos del ma\u00f1ana. Ver\u00e1n una instituci\u00f3n que conjuga la solidez de su tradici\u00f3n con una mirada renovada, actual y profundamente conectada con las demandas y oportunidades del siglo XXI.<\/p><p>Soy una firme creyente en el poder transformador de una mentalidad de crecimiento. Con pasi\u00f3n, motivo a nuestras estudiantes a mirar m\u00e1s all\u00e1 de la comodidad y a atreverse a asumir retos, sabiendo que es en los desaf\u00edos donde verdaderamente crecemos y descubrimos nuestro potencial. Construir un proyecto de vida s\u00f3lido implica so\u00f1ar en grande, fijar metas claras y trabajarlas con perseverancia, fe y determinaci\u00f3n. En este camino, el aprendizaje a trav\u00e9s de la indagaci\u00f3n y la curiosidad es fundamental: queremos que cada alumna se convierta en una aprendiz para toda la vida, capaz de adaptarse, innovar y liderar en un mundo en constante cambio. Nuestra meta es que cada estudiante forje una vida con sentido y prop\u00f3sito, manteniendo viva la llama del conocimiento y el deseo de superarse, hoy y siempre.<\/p><p>Gracias por tomarse el tiempo de conocernos. Los invito a seguir explorando nuestra p\u00e1gina web y a descubrir un proyecto educativo que forma vidas con sentido, prop\u00f3sito, esperanza, una mente empoderada y un coraz\u00f3n compasivo.<\/p><p>Con cari\u00f1o,<\/p><p><em><strong>\u00c1ngela Botero<\/strong><\/em><\/p><p><strong>Rectora<\/strong><\/p>\t\t\t\t\t\t\t\t<\/div>\n\t\t\t\t<\/div>\n\t\t\t\t\t<\/div>\n\t\t<\/div>\n\t\t\t\t\t<\/div>\n\t\t<\/section>\n\t\t\t\t\t<\/div>\n\t\t<\/div>\n\t\t\t\t<div class=\"has_ae_slider elementor-column elementor-col-50 elementor-top-column elementor-element elementor-element-39307c5 ae-bg-gallery-type-default\" data-id=\"39307c5\" data-element_type=\"column\" data-e-type=\"column\" data-settings=\"{&quot;background_background&quot;:&quot;classic&quot;}\">\n\t\t\t<div class=\"elementor-widget-wrap elementor-element-populated\">\n\t\t\t\t\t\t<div class=\"elementor-element elementor-element-00068b7 elementor-widget elementor-widget-image\" data-id=\"00068b7\" data-element_type=\"widget\" data-e-type=\"widget\" data-widget_type=\"image.default\">\n\t\t\t\t<div class=\"elementor-widget-container\">\n\t\t\t\t\t\t\t\t\t\t\t\t\t\t\t<img fetchpriority=\"high\" decoding=\"async\" width=\"1920\" height=\"1440\" src=\"https:\/\/marymountbogota.com\/newsite\/wp-content\/uploads\/2025\/10\/Angela_perfil-1.webp\" class=\"attachment-full size-full wp-image-4522\" alt=\"\" srcset=\"https:\/\/marymountbogota.com\/newsite\/wp-content\/uploads\/2025\/10\/Angela_perfil-1.webp 1920w, https:\/\/marymountbogota.com\/newsite\/wp-content\/uploads\/2025\/10\/Angela_perfil-1-300x225.webp 300w, https:\/\/marymountbogota.com\/newsite\/wp-content\/uploads\/2025\/10\/Angela_perfil-1-1024x768.webp 1024w, https:\/\/marymountbogota.com\/newsite\/wp-content\/uploads\/2025\/10\/Angela_perfil-1-768x576.webp 768w, https:\/\/marymountbogota.com\/newsite\/wp-content\/uploads\/2025\/10\/Angela_perfil-1-1536x1152.webp 1536w\" sizes=\"(max-width: 1920px) 100vw, 1920px\" \/>\t\t\t\t\t\t\t\t\t\t\t\t\t\t\t<\/div>\n\t\t\t\t<\/div>\n\t\t\t\t<div class=\"elementor-element elementor-element-c3736bf elementor-widget-tablet__width-inherit elementor-widget-mobile__width-inherit elementor-widget elementor-widget-text-editor\" data-id=\"c3736bf\" data-element_type=\"widget\" data-e-type=\"widget\" data-widget_type=\"text-editor.default\">\n\t\t\t\t<div class=\"elementor-widget-container\">\n\t\t\t\t\t\t\t\t\t<h2>Rectora<\/h2><p>\u00c1ngela es exalumna del Marymount y una apasionada educadora con m\u00e1s de 30 a\u00f1os de experiencia. Estudi\u00f3 Literatura en la Universidad Javeriana, y pronto descubri\u00f3 su vocaci\u00f3n por la ense\u00f1anza. Es especialista en Psicolog\u00eda Educativa y cuenta con una Maestr\u00eda en Habilidades Directivas y Comunicaci\u00f3n.<\/p><p>A lo largo de su trayectoria ha sido profesora de m\u00faltiples asignaturas, directora de preescolar y primaria, y coordinadora del Programa de la Escuela Primaria (PEP) del Bachillerato Internacional en Colombia y otros pa\u00edses. Desde 2008 es educadora del IB y se ha desempe\u00f1ado como tallerista, l\u00edder evaluadora y consultora internacional.<\/p><p>\u00c1ngela cree firmemente en el poder del aprendizaje significativo, basado en la indagaci\u00f3n, la construcci\u00f3n conceptual, la mentalidad de crecimiento y el desarrollo de habilidades socioemocionales.<\/p><p><strong><em>\u201cEstoy convencida de que la educaci\u00f3n es uno de los motores m\u00e1s poderosos para transformar el mundo. Por eso, me siento profundamente identificada con un proyecto que empodera a cada estudiante a descubrir su m\u00e1ximo potencial, dejar una huella significativa y convertirse en una l\u00edder comprometida con la construcci\u00f3n de un futuro m\u00e1s justo, humano y sostenible\u201d<\/em><\/strong><\/p>\t\t\t\t\t\t\t\t<\/div>\n\t\t\t\t<\/div>\n\t\t\t\t\t<\/div>\n\t\t<\/div>\n\t\t\t\t\t<\/div>\n\t\t<\/section>\n\t\t\t\t<\/div>\n\t\t","protected":false},"excerpt":{"rendered":"<p>Carta de la Rectora Querida comunidad, Soy \u00c1ngela Botero y es un honor para m\u00ed formar parte de esta maravillosa comunidad educativa. A lo largo de mi vida, he tenido el privilegio de vivir el colegio desde m\u00faltiples perspectivas: fui estudiante, profesora, madre, directora de secci\u00f3n y hoy, con profundo orgullo, ocupo el cargo de [&hellip;]<\/p>\n","protected":false},"author":2,"featured_media":0,"parent":0,"menu_order":0,"comment_status":"closed","ping_status":"closed","template":"elementor_header_footer","meta":{"_acf_changed":false,"inline_featured_image":false,"_joinchat":[],"footnotes":""},"class_list":["post-707","page","type-page","status-publish","hentry"],"acf":[],"yoast_head":"<!-- This site is optimized with the Yoast SEO plugin v27.0 - https:\/\/yoast.com\/product\/yoast-seo-wordpress\/ -->\n<title>Rector\u00eda - Marymount Colegio Femenino en Bogot\u00e1 | Colegio Marymount Bogot\u00e1<\/title>\n<meta name=\"robots\" content=\"noindex, follow, max-snippet:-1, max-image-preview:large, max-video-preview:-1\" \/>\n<meta property=\"og:locale\" content=\"es_ES\" \/>\n<meta property=\"og:type\" content=\"article\" \/>\n<meta property=\"og:title\" content=\"Rector\u00eda - Marymount Colegio Femenino en Bogot\u00e1 | Colegio Marymount Bogot\u00e1\" \/>\n<meta property=\"og:description\" content=\"Carta de la Rectora Querida comunidad, Soy \u00c1ngela Botero y es un honor para m\u00ed formar parte de esta maravillosa comunidad educativa. A lo largo de mi vida, he tenido el privilegio de vivir el colegio desde m\u00faltiples perspectivas: fui estudiante, profesora, madre, directora de secci\u00f3n y hoy, con profundo orgullo, ocupo el cargo de [&hellip;]\" \/>\n<meta property=\"og:url\" content=\"https:\/\/marymountbogota.com\/newsite\/rectoria\/\" \/>\n<meta property=\"og:site_name\" content=\"Marymount Colegio Femenino en Bogot\u00e1 | Colegio Marymount Bogot\u00e1\" \/>\n<meta property=\"article:modified_time\" content=\"2025-11-06T13:12:33+00:00\" \/>\n<meta property=\"og:image\" content=\"https:\/\/marymountbogota.com\/newsite\/wp-content\/uploads\/2025\/10\/Angela_perfil-1.webp\" \/>\n\t<meta property=\"og:image:width\" content=\"1920\" \/>\n\t<meta property=\"og:image:height\" content=\"1440\" \/>\n\t<meta property=\"og:image:type\" content=\"image\/webp\" \/>\n<meta name=\"twitter:card\" content=\"summary_large_image\" \/>\n<script type=\"application\/ld+json\" class=\"yoast-schema-graph\">{\"@context\":\"https:\/\/schema.org\",\"@graph\":[{\"@type\":\"WebPage\",\"@id\":\"https:\/\/marymountbogota.com\/newsite\/rectoria\/\",\"url\":\"https:\/\/marymountbogota.com\/newsite\/rectoria\/\",\"name\":\"Rector\u00eda - Marymount Colegio Femenino en Bogot\u00e1 | Colegio Marymount Bogot\u00e1\",\"isPartOf\":{\"@id\":\"https:\/\/marymountbogota.com\/newsite\/#website\"},\"primaryImageOfPage\":{\"@id\":\"https:\/\/marymountbogota.com\/newsite\/rectoria\/#primaryimage\"},\"image\":{\"@id\":\"https:\/\/marymountbogota.com\/newsite\/rectoria\/#primaryimage\"},\"thumbnailUrl\":\"https:\/\/marymountbogota.com\/newsite\/wp-content\/uploads\/2025\/10\/Angela_perfil-1.webp\",\"datePublished\":\"2025-07-11T22:48:59+00:00\",\"dateModified\":\"2025-11-06T13:12:33+00:00\",\"breadcrumb\":{\"@id\":\"https:\/\/marymountbogota.com\/newsite\/rectoria\/#breadcrumb\"},\"inLanguage\":\"es-CO\",\"potentialAction\":[{\"@type\":\"ReadAction\",\"target\":[\"https:\/\/marymountbogota.com\/newsite\/rectoria\/\"]}]},{\"@type\":\"ImageObject\",\"inLanguage\":\"es-CO\",\"@id\":\"https:\/\/marymountbogota.com\/newsite\/rectoria\/#primaryimage\",\"url\":\"https:\/\/marymountbogota.com\/newsite\/wp-content\/uploads\/2025\/10\/Angela_perfil-1.webp\",\"contentUrl\":\"https:\/\/marymountbogota.com\/newsite\/wp-content\/uploads\/2025\/10\/Angela_perfil-1.webp\",\"width\":1920,\"height\":1440},{\"@type\":\"BreadcrumbList\",\"@id\":\"https:\/\/marymountbogota.com\/newsite\/rectoria\/#breadcrumb\",\"itemListElement\":[{\"@type\":\"ListItem\",\"position\":1,\"name\":\"Inicio\",\"item\":\"https:\/\/marymountbogota.com\/newsite\/\"},{\"@type\":\"ListItem\",\"position\":2,\"name\":\"Rector\u00eda\"}]},{\"@type\":\"WebSite\",\"@id\":\"https:\/\/marymountbogota.com\/newsite\/#website\",\"url\":\"https:\/\/marymountbogota.com\/newsite\/\",\"name\":\"Marymount Colegio Femenino en Bogot\u00e1 | Colegio Marymount Bogot\u00e1\",\"description\":\"\",\"publisher\":{\"@id\":\"https:\/\/marymountbogota.com\/newsite\/#organization\"},\"potentialAction\":[{\"@type\":\"SearchAction\",\"target\":{\"@type\":\"EntryPoint\",\"urlTemplate\":\"https:\/\/marymountbogota.com\/newsite\/?s={search_term_string}\"},\"query-input\":{\"@type\":\"PropertyValueSpecification\",\"valueRequired\":true,\"valueName\":\"search_term_string\"}}],\"inLanguage\":\"es-CO\"},{\"@type\":\"Organization\",\"@id\":\"https:\/\/marymountbogota.com\/newsite\/#organization\",\"name\":\"Marymount Colegio Femenino en Bogot\u00e1 | Colegio Marymount Bogot\u00e1\",\"url\":\"https:\/\/marymountbogota.com\/newsite\/\",\"logo\":{\"@type\":\"ImageObject\",\"inLanguage\":\"es-CO\",\"@id\":\"https:\/\/marymountbogota.com\/newsite\/#\/schema\/logo\/image\/\",\"url\":\"https:\/\/marymountbogota.com\/newsite\/wp-content\/uploads\/2025\/05\/logo-marymount-color.svg\",\"contentUrl\":\"https:\/\/marymountbogota.com\/newsite\/wp-content\/uploads\/2025\/05\/logo-marymount-color.svg\",\"width\":224,\"height\":62,\"caption\":\"Marymount Colegio Femenino en Bogot\u00e1 | Colegio Marymount Bogot\u00e1\"},\"image\":{\"@id\":\"https:\/\/marymountbogota.com\/newsite\/#\/schema\/logo\/image\/\"}}]}<\/script>\n<!-- \/ Yoast SEO plugin. -->","yoast_head_json":{"title":"Rector\u00eda - Marymount Colegio Femenino en Bogot\u00e1 | Colegio Marymount Bogot\u00e1","robots":{"index":"noindex","follow":"follow","max-snippet":"max-snippet:-1","max-image-preview":"max-image-preview:large","max-video-preview":"max-video-preview:-1"},"og_locale":"es_ES","og_type":"article","og_title":"Rector\u00eda - Marymount Colegio Femenino en Bogot\u00e1 | Colegio Marymount Bogot\u00e1","og_description":"Carta de la Rectora Querida comunidad, Soy \u00c1ngela Botero y es un honor para m\u00ed formar parte de esta maravillosa comunidad educativa. A lo largo de mi vida, he tenido el privilegio de vivir el colegio desde m\u00faltiples perspectivas: fui estudiante, profesora, madre, directora de secci\u00f3n y hoy, con profundo orgullo, ocupo el cargo de [&hellip;]","og_url":"https:\/\/marymountbogota.com\/newsite\/rectoria\/","og_site_name":"Marymount Colegio Femenino en Bogot\u00e1 | Colegio Marymount Bogot\u00e1","article_modified_time":"2025-11-06T13:12:33+00:00","og_image":[{"width":1920,"height":1440,"url":"https:\/\/marymountbogota.com\/newsite\/wp-content\/uploads\/2025\/10\/Angela_perfil-1.webp","type":"image\/webp"}],"twitter_card":"summary_large_image","schema":{"@context":"https:\/\/schema.org","@graph":[{"@type":"WebPage","@id":"https:\/\/marymountbogota.com\/newsite\/rectoria\/","url":"https:\/\/marymountbogota.com\/newsite\/rectoria\/","name":"Rector\u00eda - Marymount Colegio Femenino en Bogot\u00e1 | Colegio Marymount Bogot\u00e1","isPartOf":{"@id":"https:\/\/marymountbogota.com\/newsite\/#website"},"primaryImageOfPage":{"@id":"https:\/\/marymountbogota.com\/newsite\/rectoria\/#primaryimage"},"image":{"@id":"https:\/\/marymountbogota.com\/newsite\/rectoria\/#primaryimage"},"thumbnailUrl":"https:\/\/marymountbogota.com\/newsite\/wp-content\/uploads\/2025\/10\/Angela_perfil-1.webp","datePublished":"2025-07-11T22:48:59+00:00","dateModified":"2025-11-06T13:12:33+00:00","breadcrumb":{"@id":"https:\/\/marymountbogota.com\/newsite\/rectoria\/#breadcrumb"},"inLanguage":"es-CO","potentialAction":[{"@type":"ReadAction","target":["https:\/\/marymountbogota.com\/newsite\/rectoria\/"]}]},{"@type":"ImageObject","inLanguage":"es-CO","@id":"https:\/\/marymountbogota.com\/newsite\/rectoria\/#primaryimage","url":"https:\/\/marymountbogota.com\/newsite\/wp-content\/uploads\/2025\/10\/Angela_perfil-1.webp","contentUrl":"https:\/\/marymountbogota.com\/newsite\/wp-content\/uploads\/2025\/10\/Angela_perfil-1.webp","width":1920,"height":1440},{"@type":"BreadcrumbList","@id":"https:\/\/marymountbogota.com\/newsite\/rectoria\/#breadcrumb","itemListElement":[{"@type":"ListItem","position":1,"name":"Inicio","item":"https:\/\/marymountbogota.com\/newsite\/"},{"@type":"ListItem","position":2,"name":"Rector\u00eda"}]},{"@type":"WebSite","@id":"https:\/\/marymountbogota.com\/newsite\/#website","url":"https:\/\/marymountbogota.com\/newsite\/","name":"Marymount Colegio Femenino en Bogot\u00e1 | Colegio Marymount Bogot\u00e1","description":"","publisher":{"@id":"https:\/\/marymountbogota.com\/newsite\/#organization"},"potentialAction":[{"@type":"SearchAction","target":{"@type":"EntryPoint","urlTemplate":"https:\/\/marymountbogota.com\/newsite\/?s={search_term_string}"},"query-input":{"@type":"PropertyValueSpecification","valueRequired":true,"valueName":"search_term_string"}}],"inLanguage":"es-CO"},{"@type":"Organization","@id":"https:\/\/marymountbogota.com\/newsite\/#organization","name":"Marymount Colegio Femenino en Bogot\u00e1 | Colegio Marymount Bogot\u00e1","url":"https:\/\/marymountbogota.com\/newsite\/","logo":{"@type":"ImageObject","inLanguage":"es-CO","@id":"https:\/\/marymountbogota.com\/newsite\/#\/schema\/logo\/image\/","url":"https:\/\/marymountbogota.com\/newsite\/wp-content\/uploads\/2025\/05\/logo-marymount-color.svg","contentUrl":"https:\/\/marymountbogota.com\/newsite\/wp-content\/uploads\/2025\/05\/logo-marymount-color.svg","width":224,"height":62,"caption":"Marymount Colegio Femenino en Bogot\u00e1 | Colegio Marymount Bogot\u00e1"},"image":{"@id":"https:\/\/marymountbogota.com\/newsite\/#\/schema\/logo\/image\/"}}]}},"_links":{"self":[{"href":"https:\/\/marymountbogota.com\/newsite\/wp-json\/wp\/v2\/pages\/707","targetHints":{"allow":["GET"]}}],"collection":[{"href":"https:\/\/marymountbogota.com\/newsite\/wp-json\/wp\/v2\/pages"}],"about":[{"href":"https:\/\/marymountbogota.com\/newsite\/wp-json\/wp\/v2\/types\/page"}],"author":[{"embeddable":true,"href":"https:\/\/marymountbogota.com\/newsite\/wp-json\/wp\/v2\/users\/2"}],"replies":[{"embeddable":true,"href":"https:\/\/marymountbogota.com\/newsite\/wp-json\/wp\/v2\/comments?post=707"}],"version-history":[{"count":10,"href":"https:\/\/marymountbogota.com\/newsite\/wp-json\/wp\/v2\/pages\/707\/revisions"}],"predecessor-version":[{"id":5022,"href":"https:\/\/marymountbogota.com\/newsite\/wp-json\/wp\/v2\/pages\/707\/revisions\/5022"}],"wp:attachment":[{"href":"https:\/\/marymountbogota.com\/newsite\/wp-json\/wp\/v2\/media?parent=707"}],"curies":[{"name":"wp","href":"https:\/\/api.w.org\/{rel}","templated":true}]}}