{"id":769,"date":"2025-07-11T17:59:07","date_gmt":"2025-07-11T22:59:07","guid":{"rendered":"https:\/\/marymountbogota.com\/newsite\/?page_id=769"},"modified":"2026-03-10T09:56:38","modified_gmt":"2026-03-10T14:56:38","slug":"formulario-pqr","status":"publish","type":"page","link":"https:\/\/marymountbogota.com\/newsite\/formulario-pqr\/","title":{"rendered":"Formulario PQR"},"content":{"rendered":"\t\t<div data-elementor-type=\"wp-page\" data-elementor-id=\"769\" class=\"elementor elementor-769\" data-elementor-post-type=\"page\">\n\t\t\t\t\t\t<section data-particle_enable=\"false\" data-particle-mobile-disabled=\"false\" class=\"has_ae_slider elementor-section elementor-top-section elementor-element elementor-element-f9cd9fe elementor-section-height-min-height elementor-section-items-bottom elementor-section-boxed elementor-section-height-default ae-bg-gallery-type-default\" data-id=\"f9cd9fe\" data-element_type=\"section\" data-e-type=\"section\" data-settings=\"{&quot;background_background&quot;:&quot;classic&quot;}\">\n\t\t\t\t\t\t\t<div class=\"elementor-background-overlay\"><\/div>\n\t\t\t\t\t\t\t<div class=\"elementor-container elementor-column-gap-default\">\n\t\t\t\t\t<div class=\"has_ae_slider elementor-column elementor-col-100 elementor-top-column elementor-element elementor-element-0e155c9 ae-bg-gallery-type-default\" data-id=\"0e155c9\" data-element_type=\"column\" data-e-type=\"column\">\n\t\t\t<div class=\"elementor-widget-wrap elementor-element-populated\">\n\t\t\t\t\t\t<div class=\"elementor-element elementor-element-6356972 elementor-widget__width-auto elementor-widget elementor-widget-heading\" data-id=\"6356972\" data-element_type=\"widget\" data-e-type=\"widget\" data-widget_type=\"heading.default\">\n\t\t\t\t<div class=\"elementor-widget-container\">\n\t\t\t\t\t<h1 class=\"elementor-heading-title elementor-size-default\">Formulario PQR<\/h1>\t\t\t\t<\/div>\n\t\t\t\t<\/div>\n\t\t\t\t\t<\/div>\n\t\t<\/div>\n\t\t\t\t\t<\/div>\n\t\t<\/section>\n\t\t\t\t<section data-particle_enable=\"false\" data-particle-mobile-disabled=\"false\" class=\"has_ae_slider elementor-section elementor-top-section elementor-element elementor-element-af62e87 elementor-section-boxed elementor-section-height-default elementor-section-height-default ae-bg-gallery-type-default\" data-id=\"af62e87\" data-element_type=\"section\" data-e-type=\"section\">\n\t\t\t\t\t\t<div class=\"elementor-container elementor-column-gap-default\">\n\t\t\t\t\t<div class=\"has_ae_slider elementor-column elementor-col-100 elementor-top-column elementor-element elementor-element-d74428e ae-bg-gallery-type-default\" data-id=\"d74428e\" data-element_type=\"column\" data-e-type=\"column\" data-settings=\"{&quot;background_background&quot;:&quot;classic&quot;}\">\n\t\t\t<div class=\"elementor-widget-wrap elementor-element-populated\">\n\t\t\t\t\t\t<div class=\"elementor-element elementor-element-6e62d5b elementor-widget elementor-widget-text-editor\" data-id=\"6e62d5b\" data-element_type=\"widget\" data-e-type=\"widget\" data-widget_type=\"text-editor.default\">\n\t\t\t\t<div class=\"elementor-widget-container\">\n\t\t\t\t\t\t\t\t\t<p><strong><span style=\"font-size: 14pt;\">Tipos de solicitudes:<\/span><\/strong><\/p><p><strong>Petici\u00f3n:<\/strong> Propuesta o sugerencia para mejorar el servicio o para describir una inconformidad a un hecho puntual.<\/p><p><strong>Queja:<\/strong> Manifestaci\u00f3n de insatisfacci\u00f3n profunda o descontento con el servicio prestado o por fallas reiterativas.<\/p><p><strong>Reconocimiento:<\/strong> Distinci\u00f3n, felicitaci\u00f3n, agradecimiento o reconocimiento al servicio prestado.<\/p>\t\t\t\t\t\t\t\t<\/div>\n\t\t\t\t<\/div>\n\t\t\t\t<div class=\"elementor-element elementor-element-414acde elementor-widget elementor-widget-text-editor\" data-id=\"414acde\" data-element_type=\"widget\" data-e-type=\"widget\" data-widget_type=\"text-editor.default\">\n\t\t\t\t<div class=\"elementor-widget-container\">\n\t\t\t\t\t\t\t\t\t<p>\n<div class=\"wpcf7 no-js\" id=\"wpcf7-f6751-o1\" lang=\"es-CO\" dir=\"ltr\" data-wpcf7-id=\"6751\">\n<div class=\"screen-reader-response\"><p role=\"status\" aria-live=\"polite\" aria-atomic=\"true\"><\/p> <ul><\/ul><\/div>\n<form action=\"\/newsite\/wp-json\/wp\/v2\/pages\/769#wpcf7-f6751-o1\" method=\"post\" class=\"wpcf7-form init\" aria-label=\"Formulario de contacto\" novalidate=\"novalidate\" data-status=\"init\">\n<fieldset class=\"hidden-fields-container\"><input type=\"hidden\" name=\"_wpcf7\" value=\"6751\" \/><input type=\"hidden\" name=\"_wpcf7_version\" value=\"6.1.5\" \/><input type=\"hidden\" name=\"_wpcf7_locale\" value=\"es_CO\" \/><input type=\"hidden\" name=\"_wpcf7_unit_tag\" value=\"wpcf7-f6751-o1\" \/><input type=\"hidden\" name=\"_wpcf7_container_post\" value=\"0\" \/><input type=\"hidden\" name=\"_wpcf7_posted_data_hash\" value=\"\" \/><input type=\"hidden\" name=\"_wpcf7cf_hidden_group_fields\" value=\"[]\" \/><input type=\"hidden\" name=\"_wpcf7cf_hidden_groups\" value=\"[]\" \/><input type=\"hidden\" name=\"_wpcf7cf_visible_groups\" value=\"[]\" \/><input type=\"hidden\" name=\"_wpcf7cf_repeaters\" value=\"[]\" \/><input type=\"hidden\" name=\"_wpcf7cf_steps\" value=\"{}\" \/><input type=\"hidden\" name=\"_wpcf7cf_options\" value=\"{&quot;form_id&quot;:6751,&quot;conditions&quot;:[{&quot;then_field&quot;:&quot;colaborador&quot;,&quot;and_rules&quot;:[{&quot;if_field&quot;:&quot;perfil&quot;,&quot;operator&quot;:&quot;equals&quot;,&quot;if_value&quot;:&quot;Colaborador&quot;}]},{&quot;then_field&quot;:&quot;estudiante&quot;,&quot;and_rules&quot;:[{&quot;if_field&quot;:&quot;perfil&quot;,&quot;operator&quot;:&quot;equals&quot;,&quot;if_value&quot;:&quot;Estudiante&quot;}]},{&quot;then_field&quot;:&quot;padre-de-familia&quot;,&quot;and_rules&quot;:[{&quot;if_field&quot;:&quot;perfil&quot;,&quot;operator&quot;:&quot;equals&quot;,&quot;if_value&quot;:&quot;Padre de familia&quot;}]},{&quot;then_field&quot;:&quot;otra&quot;,&quot;and_rules&quot;:[{&quot;if_field&quot;:&quot;-1&quot;,&quot;operator&quot;:&quot;equals&quot;,&quot;if_value&quot;:&quot;Otra&quot;}]},{&quot;then_field&quot;:&quot;otra&quot;,&quot;and_rules&quot;:[{&quot;if_field&quot;:&quot;-1&quot;,&quot;operator&quot;:&quot;equals&quot;,&quot;if_value&quot;:&quot;Otra&quot;}]},{&quot;then_field&quot;:&quot;otra&quot;,&quot;and_rules&quot;:[{&quot;if_field&quot;:&quot;-1&quot;,&quot;operator&quot;:&quot;equals&quot;,&quot;if_value&quot;:&quot;Otra&quot;}]},{&quot;then_field&quot;:&quot;otra&quot;,&quot;and_rules&quot;:[{&quot;if_field&quot;:&quot;-1&quot;,&quot;operator&quot;:&quot;equals&quot;,&quot;if_value&quot;:&quot;Otra&quot;}]},{&quot;then_field&quot;:&quot;externo&quot;,&quot;and_rules&quot;:[{&quot;if_field&quot;:&quot;perfil&quot;,&quot;operator&quot;:&quot;equals&quot;,&quot;if_value&quot;:&quot;Personal externo&quot;}]}],&quot;settings&quot;:{&quot;animation&quot;:&quot;yes&quot;,&quot;animation_intime&quot;:200,&quot;animation_outtime&quot;:200,&quot;conditions_ui&quot;:&quot;normal&quot;,&quot;notice_dismissed&quot;:false}}\" \/>\n<\/fieldset>\n<p><label> Tipo de solicitante<br \/>\n<span class=\"wpcf7-form-control-wrap\" data-name=\"perfil\"><select class=\"wpcf7-form-control wpcf7-select wpcf7-validates-as-required\" aria-required=\"true\" aria-invalid=\"false\" name=\"perfil\"><option value=\"\">&#8212;Por favor, elige una opci\u00f3n&#8212;<\/option><option value=\"Colaborador\">Colaborador<\/option><option value=\"Estudiante\">Estudiante<\/option><option value=\"Padre de familia\">Padre de familia<\/option><option value=\"Personal externo\">Personal externo<\/option><\/select><\/span> <\/label>\n<\/p>\n<div data-id=\"colaborador\" data-orig_data_id=\"colaborador\"  class=\"\" data-class=\"wpcf7cf_group\">\n\t<p><label> Nombre completo<br \/>\n<span class=\"wpcf7-form-control-wrap\" data-name=\"nombrecolaborador\"><input size=\"40\" maxlength=\"400\" class=\"wpcf7-form-control wpcf7-text wpcf7-validates-as-required\" aria-required=\"true\" aria-invalid=\"false\" value=\"\" type=\"text\" name=\"nombrecolaborador\" \/><\/span> <\/label>\n\t<\/p>\n\t<p><label> \u00c1rea o departamento<br \/>\n<span class=\"wpcf7-form-control-wrap\" data-name=\"depto\"><input size=\"40\" maxlength=\"400\" class=\"wpcf7-form-control wpcf7-text\" aria-invalid=\"false\" value=\"\" type=\"text\" name=\"depto\" \/><\/span> <\/label>\n\t<\/p>\n\t<p><label> Correo electr\u00f3nico<br \/>\n<span class=\"wpcf7-form-control-wrap\" data-name=\"mailcolaborador\"><input size=\"40\" maxlength=\"400\" class=\"wpcf7-form-control wpcf7-email wpcf7-validates-as-required wpcf7-text wpcf7-validates-as-email\" aria-required=\"true\" aria-invalid=\"false\" value=\"\" type=\"email\" name=\"mailcolaborador\" \/><\/span> <\/label>\n\t<\/p>\n\t<p><label> \u00c1rea a donde dirige su comunicaci\u00f3n<br \/>\n<span class=\"wpcf7-form-control-wrap\" data-name=\"areac\"><select class=\"wpcf7-form-control wpcf7-select wpcf7-validates-as-required\" aria-required=\"true\" aria-invalid=\"false\" name=\"areac\"><option value=\"\">&#8212;Por favor, elige una opci\u00f3n&#8212;<\/option><option value=\"Procesos Acad\u00e9micos\">Procesos Acad\u00e9micos<\/option><option value=\"Administraci\u00f3n\">Administraci\u00f3n<\/option><option value=\"Bienestar estudiantil\">Bienestar estudiantil<\/option><option value=\"Comunicaciones\">Comunicaciones<\/option><option value=\"Direcci\u00f3n institucional\">Direcci\u00f3n institucional<\/option><option value=\"Estrategia y anal\u00edtica (Sistemas de gesti\u00f3n, Innovaci\u00f3n, Tecnolog\u00eda)\">Estrategia y anal\u00edtica (Sistemas de gesti\u00f3n, Innovaci\u00f3n, Tecnolog\u00eda)<\/option><option value=\"Talento Humano\">Talento Humano<\/option><option value=\"Otra\">Otra<\/option><\/select><\/span><\/label>\n\t<\/p>\n\t<div data-id=\"otra\" data-orig_data_id=\"otra\"  class=\"\" data-class=\"wpcf7cf_group\">\n\t\t<p><label> Indique otra \u00e1rea<br \/>\n<span class=\"wpcf7-form-control-wrap\" data-name=\"otra1\"><input size=\"40\" maxlength=\"400\" class=\"wpcf7-form-control wpcf7-text\" aria-invalid=\"false\" value=\"\" type=\"text\" name=\"otra1\" \/><\/span><\/label>\n\t\t<\/p>\n\t<\/div>\n<\/div>\n<div data-id=\"estudiante\" data-orig_data_id=\"estudiante\"  class=\"\" data-class=\"wpcf7cf_group\">\n\t<p><label> Nombre completo<br \/>\n<span class=\"wpcf7-form-control-wrap\" data-name=\"nombreestudiante\"><input size=\"40\" maxlength=\"400\" class=\"wpcf7-form-control wpcf7-text wpcf7-validates-as-required\" aria-required=\"true\" aria-invalid=\"false\" value=\"\" type=\"text\" name=\"nombreestudiante\" \/><\/span> <\/label>\n\t<\/p>\n\t<p><label> Curso<br \/>\n<span class=\"wpcf7-form-control-wrap\" data-name=\"curso\"><input size=\"40\" maxlength=\"400\" class=\"wpcf7-form-control wpcf7-text\" aria-invalid=\"false\" value=\"\" type=\"text\" name=\"curso\" \/><\/span><\/label>\n\t<\/p>\n\t<p><label> Correo electr\u00f3nico<br \/>\n<span class=\"wpcf7-form-control-wrap\" data-name=\"mailestudiante\"><input size=\"40\" maxlength=\"400\" class=\"wpcf7-form-control wpcf7-email wpcf7-validates-as-required wpcf7-text wpcf7-validates-as-email\" aria-required=\"true\" aria-invalid=\"false\" value=\"\" type=\"email\" name=\"mailestudiante\" \/><\/span><\/label>\n\t<\/p>\n\t<p><label> \u00c1rea a donde dirige su comunicaci\u00f3n<br \/>\n<span class=\"wpcf7-form-control-wrap\" data-name=\"areae\"><select class=\"wpcf7-form-control wpcf7-select wpcf7-validates-as-required\" aria-required=\"true\" aria-invalid=\"false\" name=\"areae\"><option value=\"\">&#8212;Por favor, elige una opci\u00f3n&#8212;<\/option><option value=\"Procesos acad\u00e9micos\">Procesos acad\u00e9micos<\/option><option value=\"Actividades extracurriculares\">Actividades extracurriculares<\/option><option value=\"Administraci\u00f3n\">Administraci\u00f3n<\/option><option value=\"Bienestar estudiantil (Psicolog\u00eda, Fonoaudiolog\u00eda, Terapia Ocupacional, Convivencia, Adecuaciones y modificaciones)\">Bienestar estudiantil (Psicolog\u00eda, Fonoaudiolog\u00eda, Terapia Ocupacional, Convivencia, Adecuaciones y modificaciones)<\/option><option value=\"Cafeter\u00eda\">Cafeter\u00eda<\/option><option value=\"Centro de Conocimiento\">Centro de Conocimiento<\/option><option value=\"CoEd\">CoEd<\/option><option value=\"Comunicaciones\">Comunicaciones<\/option><option value=\"Enfermer\u00eda\">Enfermer\u00eda<\/option><option value=\"Life Skills\">Life Skills<\/option><option value=\"Orientaci\u00f3n profesional\">Orientaci\u00f3n profesional<\/option><option value=\"Salidas escolares\">Salidas escolares<\/option><option value=\"Tecnolog\u00eda\">Tecnolog\u00eda<\/option><option value=\"Transporte\">Transporte<\/option><option value=\"Otra\">Otra<\/option><\/select><\/span><\/label>\n\t<\/p>\n\t<div data-id=\"otra\" data-orig_data_id=\"otra\"  class=\"\" data-class=\"wpcf7cf_group\">\n\t\t<p><label> Indique otra \u00e1rea<br \/>\n<span class=\"wpcf7-form-control-wrap\" data-name=\"otra2\"><input size=\"40\" maxlength=\"400\" class=\"wpcf7-form-control wpcf7-text\" aria-invalid=\"false\" value=\"\" type=\"text\" name=\"otra2\" \/><\/span><\/label>\n\t\t<\/p>\n\t<\/div>\n<\/div>\n<div data-id=\"padre-de-familia\" data-orig_data_id=\"padre-de-familia\"  class=\"\" data-class=\"wpcf7cf_group\">\n\t<p><label> Nombre completo<br \/>\n<span class=\"wpcf7-form-control-wrap\" data-name=\"nombrepadre\"><input size=\"40\" maxlength=\"400\" class=\"wpcf7-form-control wpcf7-text wpcf7-validates-as-required\" aria-required=\"true\" aria-invalid=\"false\" value=\"\" type=\"text\" name=\"nombrepadre\" \/><\/span> <\/label>\n\t<\/p>\n\t<p><label> Curso de la hija<br \/>\n<span class=\"wpcf7-form-control-wrap\" data-name=\"cursohija\"><input size=\"40\" maxlength=\"400\" class=\"wpcf7-form-control wpcf7-text\" aria-invalid=\"false\" value=\"\" type=\"text\" name=\"cursohija\" \/><\/span><\/label>\n\t<\/p>\n\t<p><label> Celular<br \/>\n<span class=\"wpcf7-form-control-wrap\" data-name=\"tel-padre\"><input size=\"40\" maxlength=\"400\" class=\"wpcf7-form-control wpcf7-tel wpcf7-validates-as-required wpcf7-text wpcf7-validates-as-tel\" aria-required=\"true\" aria-invalid=\"false\" value=\"\" type=\"tel\" name=\"tel-padre\" \/><\/span><\/label>\n\t<\/p>\n\t<p><label> Correo electr\u00f3nico<br \/>\n<span class=\"wpcf7-form-control-wrap\" data-name=\"mailpadre\"><input size=\"40\" maxlength=\"400\" class=\"wpcf7-form-control wpcf7-email wpcf7-validates-as-required wpcf7-text wpcf7-validates-as-email\" aria-required=\"true\" aria-invalid=\"false\" value=\"\" type=\"email\" name=\"mailpadre\" \/><\/span><\/label>\n\t<\/p>\n\t<p><label> \u00c1rea a donde dirige su comunicaci\u00f3n<br \/>\n<span class=\"wpcf7-form-control-wrap\" data-name=\"areap\"><select class=\"wpcf7-form-control wpcf7-select wpcf7-validates-as-required\" aria-required=\"true\" aria-invalid=\"false\" name=\"areap\"><option value=\"\">&#8212;Por favor, elige una opci\u00f3n&#8212;<\/option><option value=\"Admisiones\">Admisiones<\/option><option value=\"Cafeter\u00eda\">Cafeter\u00eda<\/option><option value=\"Enfermer\u00eda\">Enfermer\u00eda<\/option><option value=\"Procesos acad\u00e9micos\">Procesos acad\u00e9micos<\/option><option value=\"Administraci\u00f3n\">Administraci\u00f3n<\/option><option value=\"Bienestar estudiantil\">Bienestar estudiantil<\/option><option value=\"CoEd\">CoEd<\/option><option value=\"Comunicaciones\">Comunicaciones<\/option><option value=\"Direcci\u00f3n Institucional\">Direcci\u00f3n Institucional<\/option><option value=\"Secretarias\">Secretarias<\/option><option value=\"Salidas escolares\">Salidas escolares<\/option><option value=\"Seguridad\">Seguridad<\/option><option value=\"Tesorer\u00eda\">Tesorer\u00eda<\/option><option value=\"Transporte\">Transporte<\/option><option value=\"Otra\">Otra<\/option><\/select><\/span><\/label>\n\t<\/p>\n\t<div data-id=\"otra\" data-orig_data_id=\"otra\"  class=\"\" data-class=\"wpcf7cf_group\">\n\t\t<p><label> Indique otra \u00e1rea<br \/>\n<span class=\"wpcf7-form-control-wrap\" data-name=\"otra3\"><input size=\"40\" maxlength=\"400\" class=\"wpcf7-form-control wpcf7-text\" aria-invalid=\"false\" value=\"\" type=\"text\" name=\"otra3\" \/><\/span><\/label>\n\t\t<\/p>\n\t<\/div>\n<\/div>\n<div data-id=\"externo\" data-orig_data_id=\"externo\"  class=\"\" data-class=\"wpcf7cf_group\">\n\t<p><label> Nombre completo<br \/>\n<span class=\"wpcf7-form-control-wrap\" data-name=\"nombreexterno\"><input size=\"40\" maxlength=\"400\" class=\"wpcf7-form-control wpcf7-text wpcf7-validates-as-required\" aria-required=\"true\" aria-invalid=\"false\" value=\"\" type=\"text\" name=\"nombreexterno\" \/><\/span> <\/label>\n\t<\/p>\n\t<p><label> Relaci\u00f3n con el Colegio<br \/>\n<span class=\"wpcf7-form-control-wrap\" data-name=\"relacion\"><input size=\"40\" maxlength=\"400\" class=\"wpcf7-form-control wpcf7-text\" aria-invalid=\"false\" value=\"\" type=\"text\" name=\"relacion\" \/><\/span><\/label>\n\t<\/p>\n\t<p><label> Correo electr\u00f3nico<br \/>\n<span class=\"wpcf7-form-control-wrap\" data-name=\"mailexterno\"><input size=\"40\" maxlength=\"400\" class=\"wpcf7-form-control wpcf7-email wpcf7-validates-as-required wpcf7-text wpcf7-validates-as-email\" aria-required=\"true\" aria-invalid=\"false\" value=\"\" type=\"email\" name=\"mailexterno\" \/><\/span><\/label>\n\t<\/p>\n\t<p><label> Celular<br \/>\n<span class=\"wpcf7-form-control-wrap\" data-name=\"tel-externo\"><input size=\"40\" maxlength=\"400\" class=\"wpcf7-form-control wpcf7-tel wpcf7-validates-as-required wpcf7-text wpcf7-validates-as-tel\" aria-required=\"true\" aria-invalid=\"false\" value=\"\" type=\"tel\" name=\"tel-externo\" \/><\/span><\/label>\n\t<\/p>\n<\/div>\n<p><label> Categor\u00eda<br \/>\n<span class=\"wpcf7-form-control-wrap\" data-name=\"categoria\"><select class=\"wpcf7-form-control wpcf7-select wpcf7-validates-as-required\" aria-required=\"true\" aria-invalid=\"false\" name=\"categoria\"><option value=\"\">&#8212;Por favor, elige una opci\u00f3n&#8212;<\/option><option value=\"Petici\u00f3n\">Petici\u00f3n<\/option><option value=\"Queja\">Queja<\/option><option value=\"Reconocimiento\">Reconocimiento<\/option><\/select><\/span> <\/label>\n<\/p>\n<p><label> Mensaje<br \/>\n<span class=\"wpcf7-form-control-wrap\" data-name=\"your-message\"><textarea cols=\"40\" rows=\"10\" maxlength=\"2000\" class=\"wpcf7-form-control wpcf7-textarea\" aria-invalid=\"false\" name=\"your-message\"><\/textarea><\/span> <\/label>\n<\/p>\n<p><input class=\"wpcf7-form-control wpcf7-submit has-spinner\" type=\"submit\" value=\"Enviar\" \/>\n<\/p><div class=\"wpcf7-response-output\" aria-hidden=\"true\"><\/div>\n<\/form>\n<\/div>\n<\/p>\t\t\t\t\t\t\t\t<\/div>\n\t\t\t\t<\/div>\n\t\t\t\t\t<\/div>\n\t\t<\/div>\n\t\t\t\t\t<\/div>\n\t\t<\/section>\n\t\t\t\t<\/div>\n\t\t","protected":false},"excerpt":{"rendered":"<p>Tipos de solicitudes: Petici\u00f3n: Propuesta o sugerencia para mejorar el servicio o para describir una inconformidad a un hecho puntual. Queja: Manifestaci\u00f3n de insatisfacci\u00f3n profunda o descontento con el servicio prestado o por fallas reiterativas. Reconocimiento: Distinci\u00f3n, felicitaci\u00f3n, agradecimiento o reconocimiento al servicio prestado.<\/p>\n","protected":false},"author":2,"featured_media":0,"parent":0,"menu_order":0,"comment_status":"closed","ping_status":"closed","template":"elementor_header_footer","meta":{"_acf_changed":false,"inline_featured_image":false,"_joinchat":[],"footnotes":""},"class_list":["post-769","page","type-page","status-publish","hentry"],"acf":[],"yoast_head":"<!-- This site is optimized with the Yoast SEO plugin v27.0 - https:\/\/yoast.com\/product\/yoast-seo-wordpress\/ -->\n<title>Formulario PQR - Marymount Colegio Femenino en Bogot\u00e1 | Colegio Marymount Bogot\u00e1<\/title>\n<meta name=\"robots\" content=\"noindex, follow, max-snippet:-1, max-image-preview:large, max-video-preview:-1\" \/>\n<meta property=\"og:locale\" content=\"es_ES\" \/>\n<meta property=\"og:type\" content=\"article\" \/>\n<meta property=\"og:title\" content=\"Formulario PQR - Marymount Colegio Femenino en Bogot\u00e1 | Colegio Marymount Bogot\u00e1\" \/>\n<meta property=\"og:description\" content=\"Tipos de solicitudes: Petici\u00f3n: Propuesta o sugerencia para mejorar el servicio o para describir una inconformidad a un hecho puntual. Queja: Manifestaci\u00f3n de insatisfacci\u00f3n profunda o descontento con el servicio prestado o por fallas reiterativas. Reconocimiento: Distinci\u00f3n, felicitaci\u00f3n, agradecimiento o reconocimiento al servicio prestado.\" \/>\n<meta property=\"og:url\" content=\"https:\/\/marymountbogota.com\/newsite\/formulario-pqr\/\" \/>\n<meta property=\"og:site_name\" content=\"Marymount Colegio Femenino en Bogot\u00e1 | Colegio Marymount Bogot\u00e1\" \/>\n<meta property=\"article:modified_time\" content=\"2026-03-10T14:56:38+00:00\" \/>\n<meta name=\"twitter:card\" content=\"summary_large_image\" \/>\n<script type=\"application\/ld+json\" class=\"yoast-schema-graph\">{\"@context\":\"https:\/\/schema.org\",\"@graph\":[{\"@type\":\"WebPage\",\"@id\":\"https:\/\/marymountbogota.com\/newsite\/formulario-pqr\/\",\"url\":\"https:\/\/marymountbogota.com\/newsite\/formulario-pqr\/\",\"name\":\"Formulario PQR - Marymount Colegio Femenino en Bogot\u00e1 | Colegio Marymount Bogot\u00e1\",\"isPartOf\":{\"@id\":\"https:\/\/marymountbogota.com\/newsite\/#website\"},\"datePublished\":\"2025-07-11T22:59:07+00:00\",\"dateModified\":\"2026-03-10T14:56:38+00:00\",\"breadcrumb\":{\"@id\":\"https:\/\/marymountbogota.com\/newsite\/formulario-pqr\/#breadcrumb\"},\"inLanguage\":\"es-CO\",\"potentialAction\":[{\"@type\":\"ReadAction\",\"target\":[\"https:\/\/marymountbogota.com\/newsite\/formulario-pqr\/\"]}]},{\"@type\":\"BreadcrumbList\",\"@id\":\"https:\/\/marymountbogota.com\/newsite\/formulario-pqr\/#breadcrumb\",\"itemListElement\":[{\"@type\":\"ListItem\",\"position\":1,\"name\":\"Inicio\",\"item\":\"https:\/\/marymountbogota.com\/newsite\/\"},{\"@type\":\"ListItem\",\"position\":2,\"name\":\"Formulario PQR\"}]},{\"@type\":\"WebSite\",\"@id\":\"https:\/\/marymountbogota.com\/newsite\/#website\",\"url\":\"https:\/\/marymountbogota.com\/newsite\/\",\"name\":\"Marymount Colegio Femenino en Bogot\u00e1 | Colegio Marymount Bogot\u00e1\",\"description\":\"\",\"publisher\":{\"@id\":\"https:\/\/marymountbogota.com\/newsite\/#organization\"},\"potentialAction\":[{\"@type\":\"SearchAction\",\"target\":{\"@type\":\"EntryPoint\",\"urlTemplate\":\"https:\/\/marymountbogota.com\/newsite\/?s={search_term_string}\"},\"query-input\":{\"@type\":\"PropertyValueSpecification\",\"valueRequired\":true,\"valueName\":\"search_term_string\"}}],\"inLanguage\":\"es-CO\"},{\"@type\":\"Organization\",\"@id\":\"https:\/\/marymountbogota.com\/newsite\/#organization\",\"name\":\"Marymount Colegio Femenino en Bogot\u00e1 | Colegio Marymount Bogot\u00e1\",\"url\":\"https:\/\/marymountbogota.com\/newsite\/\",\"logo\":{\"@type\":\"ImageObject\",\"inLanguage\":\"es-CO\",\"@id\":\"https:\/\/marymountbogota.com\/newsite\/#\/schema\/logo\/image\/\",\"url\":\"https:\/\/marymountbogota.com\/newsite\/wp-content\/uploads\/2025\/05\/logo-marymount-color.svg\",\"contentUrl\":\"https:\/\/marymountbogota.com\/newsite\/wp-content\/uploads\/2025\/05\/logo-marymount-color.svg\",\"width\":224,\"height\":62,\"caption\":\"Marymount Colegio Femenino en Bogot\u00e1 | Colegio Marymount Bogot\u00e1\"},\"image\":{\"@id\":\"https:\/\/marymountbogota.com\/newsite\/#\/schema\/logo\/image\/\"}}]}<\/script>\n<!-- \/ Yoast SEO plugin. -->","yoast_head_json":{"title":"Formulario PQR - Marymount Colegio Femenino en Bogot\u00e1 | Colegio Marymount Bogot\u00e1","robots":{"index":"noindex","follow":"follow","max-snippet":"max-snippet:-1","max-image-preview":"max-image-preview:large","max-video-preview":"max-video-preview:-1"},"og_locale":"es_ES","og_type":"article","og_title":"Formulario PQR - Marymount Colegio Femenino en Bogot\u00e1 | Colegio Marymount Bogot\u00e1","og_description":"Tipos de solicitudes: Petici\u00f3n: Propuesta o sugerencia para mejorar el servicio o para describir una inconformidad a un hecho puntual. Queja: Manifestaci\u00f3n de insatisfacci\u00f3n profunda o descontento con el servicio prestado o por fallas reiterativas. Reconocimiento: Distinci\u00f3n, felicitaci\u00f3n, agradecimiento o reconocimiento al servicio prestado.","og_url":"https:\/\/marymountbogota.com\/newsite\/formulario-pqr\/","og_site_name":"Marymount Colegio Femenino en Bogot\u00e1 | Colegio Marymount Bogot\u00e1","article_modified_time":"2026-03-10T14:56:38+00:00","twitter_card":"summary_large_image","schema":{"@context":"https:\/\/schema.org","@graph":[{"@type":"WebPage","@id":"https:\/\/marymountbogota.com\/newsite\/formulario-pqr\/","url":"https:\/\/marymountbogota.com\/newsite\/formulario-pqr\/","name":"Formulario PQR - Marymount Colegio Femenino en Bogot\u00e1 | Colegio Marymount Bogot\u00e1","isPartOf":{"@id":"https:\/\/marymountbogota.com\/newsite\/#website"},"datePublished":"2025-07-11T22:59:07+00:00","dateModified":"2026-03-10T14:56:38+00:00","breadcrumb":{"@id":"https:\/\/marymountbogota.com\/newsite\/formulario-pqr\/#breadcrumb"},"inLanguage":"es-CO","potentialAction":[{"@type":"ReadAction","target":["https:\/\/marymountbogota.com\/newsite\/formulario-pqr\/"]}]},{"@type":"BreadcrumbList","@id":"https:\/\/marymountbogota.com\/newsite\/formulario-pqr\/#breadcrumb","itemListElement":[{"@type":"ListItem","position":1,"name":"Inicio","item":"https:\/\/marymountbogota.com\/newsite\/"},{"@type":"ListItem","position":2,"name":"Formulario PQR"}]},{"@type":"WebSite","@id":"https:\/\/marymountbogota.com\/newsite\/#website","url":"https:\/\/marymountbogota.com\/newsite\/","name":"Marymount Colegio Femenino en Bogot\u00e1 | Colegio Marymount Bogot\u00e1","description":"","publisher":{"@id":"https:\/\/marymountbogota.com\/newsite\/#organization"},"potentialAction":[{"@type":"SearchAction","target":{"@type":"EntryPoint","urlTemplate":"https:\/\/marymountbogota.com\/newsite\/?s={search_term_string}"},"query-input":{"@type":"PropertyValueSpecification","valueRequired":true,"valueName":"search_term_string"}}],"inLanguage":"es-CO"},{"@type":"Organization","@id":"https:\/\/marymountbogota.com\/newsite\/#organization","name":"Marymount Colegio Femenino en Bogot\u00e1 | Colegio Marymount Bogot\u00e1","url":"https:\/\/marymountbogota.com\/newsite\/","logo":{"@type":"ImageObject","inLanguage":"es-CO","@id":"https:\/\/marymountbogota.com\/newsite\/#\/schema\/logo\/image\/","url":"https:\/\/marymountbogota.com\/newsite\/wp-content\/uploads\/2025\/05\/logo-marymount-color.svg","contentUrl":"https:\/\/marymountbogota.com\/newsite\/wp-content\/uploads\/2025\/05\/logo-marymount-color.svg","width":224,"height":62,"caption":"Marymount Colegio Femenino en Bogot\u00e1 | Colegio Marymount Bogot\u00e1"},"image":{"@id":"https:\/\/marymountbogota.com\/newsite\/#\/schema\/logo\/image\/"}}]}},"_links":{"self":[{"href":"https:\/\/marymountbogota.com\/newsite\/wp-json\/wp\/v2\/pages\/769","targetHints":{"allow":["GET"]}}],"collection":[{"href":"https:\/\/marymountbogota.com\/newsite\/wp-json\/wp\/v2\/pages"}],"about":[{"href":"https:\/\/marymountbogota.com\/newsite\/wp-json\/wp\/v2\/types\/page"}],"author":[{"embeddable":true,"href":"https:\/\/marymountbogota.com\/newsite\/wp-json\/wp\/v2\/users\/2"}],"replies":[{"embeddable":true,"href":"https:\/\/marymountbogota.com\/newsite\/wp-json\/wp\/v2\/comments?post=769"}],"version-history":[{"count":11,"href":"https:\/\/marymountbogota.com\/newsite\/wp-json\/wp\/v2\/pages\/769\/revisions"}],"predecessor-version":[{"id":6789,"href":"https:\/\/marymountbogota.com\/newsite\/wp-json\/wp\/v2\/pages\/769\/revisions\/6789"}],"wp:attachment":[{"href":"https:\/\/marymountbogota.com\/newsite\/wp-json\/wp\/v2\/media?parent=769"}],"curies":[{"name":"wp","href":"https:\/\/api.w.org\/{rel}","templated":true}]}}